{"id":931,"date":"2025-01-04T10:29:07","date_gmt":"2025-01-04T09:29:07","guid":{"rendered":"https:\/\/agrinichoirs.fr\/?page_id=931"},"modified":"2025-01-06T16:19:53","modified_gmt":"2025-01-06T15:19:53","slug":"mat-dhospitalite","status":"publish","type":"page","link":"https:\/\/agrinichoirs.fr\/?page_id=931","title":{"rendered":"M\u00e2t d&rsquo;hospitalit\u00e9"},"content":{"rendered":"<figure class=\"wp-block-image size-large\"><img fetchpriority=\"high\" decoding=\"async\" width=\"768\" height=\"1024\" src=\"https:\/\/agrinichoirs.fr\/wp-content\/uploads\/2025\/01\/mat-hospitalite-couleur-768x1024.jpg\" alt=\"\" class=\"wp-image-935\" srcset=\"https:\/\/agrinichoirs.fr\/wp-content\/uploads\/2025\/01\/mat-hospitalite-couleur-768x1024.jpg 768w, https:\/\/agrinichoirs.fr\/wp-content\/uploads\/2025\/01\/mat-hospitalite-couleur-scaled-600x800.jpg 600w, https:\/\/agrinichoirs.fr\/wp-content\/uploads\/2025\/01\/mat-hospitalite-couleur-225x300.jpg 225w, https:\/\/agrinichoirs.fr\/wp-content\/uploads\/2025\/01\/mat-hospitalite-couleur-112x150.jpg 112w, https:\/\/agrinichoirs.fr\/wp-content\/uploads\/2025\/01\/mat-hospitalite-couleur-1152x1536.jpg 1152w, https:\/\/agrinichoirs.fr\/wp-content\/uploads\/2025\/01\/mat-hospitalite-couleur-1536x2048.jpg 1536w, https:\/\/agrinichoirs.fr\/wp-content\/uploads\/2025\/01\/mat-hospitalite-couleur-scaled.jpg 1920w\" sizes=\"(max-width: 768px) 100vw, 768px\" \/><figcaption>Cr\u00e9dits de cette magnifique illustration de M\u00e2t d&rsquo;hospitalit\u00e9: Emilie Vanvolsem \/ https:\/\/emilievanvolsem.info\/<\/figcaption><\/figure><div class=\"-container\">\n    <!-- Bloc Introduction -->\n    <div class=\"bloc intro-bloc\">\n        <h1>M\u00e2ts d&rsquo;Hospitalit\u00e9<\/h1>\n        <h2>Recr\u00e9er des habitats naturels disparus<\/h2>\n        <div class=\"intro-text\">\n            <p>Une innovation n\u00e9e de l&rsquo;observation de la nature : les M\u00e2ts d&rsquo;Hospitalit\u00e9, imagin\u00e9s par l&rsquo;association R\u00e9ensauvager la Ferme (https:\/\/reensauvagerlaferme.fr\/) et d\u00e9velopp\u00e9s par Agrinichoirs, r\u00e9inventent les habitats naturels disparus en cr\u00e9ant des refuges modernes pour la biodiversit\u00e9.<\/p>\n            <div class=\"success-highlight\">\n                <strong>D\u00e9j\u00e0 une dizaine de m\u00e2ts install\u00e9s avec des r\u00e9sultats enthousiasmants :<\/strong>\n                <ul>\n                    <li>Faucons cr\u00e9cerelles nicheurs d\u00e8s la premi\u00e8re saison<\/li>\n                    <li>Chouettes chev\u00eache nicheuses d\u00e8s la premi\u00e8re saison<\/li>\n                    <li>Visites r\u00e9guli\u00e8res de chouettes effraies<\/li>\n                <\/ul>\n            <\/div>\n        <\/div>\n    <\/div>\n\n    <!-- Bloc Technique -->\n    <div class=\"bloc technique-bloc\">\n        <h2>Une Structure Technique Innovante<\/h2>\n        <div class=\"tech-grid\">\n            <div class=\"tech-item\">\n                <h3>\ud83c\udfd7\ufe0f Architecture<\/h3>\n                <ul>\n                    <li>Hauteur : 9 m\u00e8tres<\/li>\n                    <li>Structure en acier galvanis\u00e9<\/li>\n                    <li>Nichoir multi-esp\u00e8ces au sommet<\/li>\n                <\/ul>\n            <\/div>\n            <div class=\"tech-item\">\n                <h3>\ud83c\udfe0 Habitat<\/h3>\n                <ul>\n                    <li>Compartiments isol\u00e9s<\/li>\n                    <li>Ventilation optimis\u00e9e<\/li>\n                    <li>Protection contre les intemp\u00e9ries<\/li>\n                <\/ul>\n            <\/div>\n            <div class=\"tech-item\">\n                <h3>\ud83d\udd27 Maintenance<\/h3>\n                <ul>\n                    <li>Trappes de visite<\/li>\n                    <li>Points d&rsquo;acc\u00e8s s\u00e9curis\u00e9s<\/li>\n                    <li>Syst\u00e8me de drainage int\u00e9gr\u00e9<\/li>\n                <\/ul>\n            <\/div>\n        <\/div>\n    <\/div>\n\n    <!-- Bloc Biodiversit\u00e9 -->\n    <div class=\"bloc biodiversite-bloc\">\n        <h2>Un Refuge Multi-esp\u00e8ces<\/h2>\n        <div class=\"species-grid\">\n            <div class=\"species-item\">\n                <h3>\ud83e\udd85 Oiseaux Nicheurs<\/h3>\n                <ul>\n                    <li>Faucon cr\u00e9cerelle<\/li>\n                    <li>Chouette effraie<\/li>\n                    <li>Chouette chev\u00eache<\/li>\n                    <li>Hirondelles<\/li>\n                <\/ul>\n            <\/div>\n            <div class=\"species-item\">\n                <h3>\ud83e\udd87 Mammif\u00e8res<\/h3>\n                <ul>\n                    <li>Multiples esp\u00e8ces de chauves-souris<\/li>\n                    <li>G\u00eetes adapt\u00e9s<\/li>\n                    <li>Zones de repos<\/li>\n                <\/ul>\n            <\/div>\n            <div class=\"species-item\">\n                <h3>\ud83d\udd4a\ufe0f Esp\u00e8ces Potentielles<\/h3>\n                <ul>\n                    <li>Cigognes en migration<\/li>\n                    <li>Rollier d&rsquo;Europe<\/li>\n                    <li>Autres oiseaux cavernicoles<\/li>\n                <\/ul>\n            <\/div>\n        <\/div>\n    <\/div>\n\n    <!-- Bloc Services -->\n    <div class=\"bloc services-bloc\">\n        <h2>Notre Accompagnement<\/h2>\n        <div class=\"services-grid\">\n            <div class=\"service-card\">\n                <h3>\ud83d\udccb \u00c9tude &amp; Installation<\/h3>\n                <ul>\n                    <li>Analyse du site<\/li>\n                    <li>Installation compl\u00e8te<\/li>\n                    <li>Documentation technique<\/li>\n                <\/ul>\n            <\/div>\n            <div class=\"service-card\">\n                <h3>\ud83d\udd0d Suivi<\/h3>\n                <ul>\n                    <li>Formation \u00e0 l&rsquo;observation<\/li>\n                    <li>Protocoles de maintenance<\/li>\n                    <li>Support technique<\/li>\n                <\/ul>\n            <\/div>\n            <div class=\"service-card\">\n                <h3>\ud83d\udce2 Communication<\/h3>\n                <ul>\n                    <li>Panneau p\u00e9dagogique<\/li>\n                    <li>Supports de sensibilisation<\/li>\n                    <li>Documentation esp\u00e8ces<\/li>\n                <\/ul>\n            <\/div>\n        <\/div>\n    <\/div>\n\n    <!-- Bloc Contact -->\n    <div class=\"bloc contact-bloc\">\n        <h2>Participez au Projet<\/h2>\n        <p>Rejoignez notre r\u00e9seau de sites d&rsquo;accueil pour la biodiversit\u00e9<\/p>\n        <div class=\"contact-info\">\n            <p class=\"signature\">Agrinichoirs &#8211; Faire confiance au vivant<\/p>\n        <\/div>\n    <\/div>\n<\/div>\n\n<style>\n.mat-hospitalite-container {\n    max-width: 1200px;\n    margin: 0 auto;\n    font-family: system-ui, -apple-system, sans-serif;\n}\n\n.bloc {\n    margin: 2rem 0;\n    padding: 2rem;\n    border-radius: 12px;\n    background: #fff;\n    box-shadow: 0 2px 15px rgba(0,0,0,0.1);\n}\n\n.intro-bloc {\n    background: linear-gradient(135deg, #f8f9fa 0%, #e9ecef 100%);\n    text-align: center;\n}\n\n.success-highlight {\n    background: #fff;\n    padding: 1.5rem;\n    border-radius: 8px;\n    margin-top: 1.5rem;\n    text-align: left;\n}\n\n.tech-grid, .species-grid, .services-grid {\n    display: grid;\n    grid-template-columns: repeat(auto-fit, minmax(250px, 1fr));\n    gap: 1.5rem;\n    margin-top: 2rem;\n}\n\n.tech-item, .species-item, .service-card {\n    background: #f8f9fa;\n    padding: 1.5rem;\n    border-radius: 8px;\n    transition: transform 0.3s ease;\n}\n\n.tech-item:hover, .species-item:hover, .service-card:hover {\n    transform: translateY(-5px);\n}\n\nh1 {\n    font-size: 2.5rem;\n    color: #2c3e50;\n    margin-bottom: 0.5rem;\n}\n\nh2 {\n    font-size: 1.8rem;\n    color: #34495e;\n    margin-bottom: 1.5rem;\n}\n\nh3 {\n    font-size: 1.2rem;\n    color: #2c3e50;\n    margin-bottom: 1rem;\n}\n\nul {\n    list-style-type: none;\n    padding: 0;\n}\n\nli {\n    margin-bottom: 0.8rem;\n    padding-left: 1.2rem;\n    position: relative;\n}\n\nli:before {\n    content: \"\u2022\";\n    color: #3498db;\n    position: absolute;\n    left: 0;\n}\n\n.contact-bloc {\n    text-align: center;\n    background: linear-gradient(135deg, #e9ecef 0%, #f8f9fa 100%);\n}\n\n.signature {\n    font-style: italic;\n    color: #2c3e50;\n    margin-top: 2rem;\n}\n\n@media (max-width: 768px) {\n    .tech-grid, .species-grid, .services-grid {\n        grid-template-columns: 1fr;\n    }\n    \n    .bloc {\n        padding: 1.5rem;\n        margin: 1rem 0;\n    }\n}\n<\/style><figure class=\"wp-block-image size-large\"><img decoding=\"async\" width=\"1024\" height=\"768\" src=\"https:\/\/agrinichoirs.fr\/wp-content\/uploads\/2025\/01\/20240623_192848-1024x768.jpg\" alt=\"\" class=\"wp-image-934\" srcset=\"https:\/\/agrinichoirs.fr\/wp-content\/uploads\/2025\/01\/20240623_192848-1024x768.jpg 1024w, https:\/\/agrinichoirs.fr\/wp-content\/uploads\/2025\/01\/20240623_192848-scaled-600x450.jpg 600w, https:\/\/agrinichoirs.fr\/wp-content\/uploads\/2025\/01\/20240623_192848-300x225.jpg 300w, https:\/\/agrinichoirs.fr\/wp-content\/uploads\/2025\/01\/20240623_192848-150x113.jpg 150w, https:\/\/agrinichoirs.fr\/wp-content\/uploads\/2025\/01\/20240623_192848-768x576.jpg 768w, https:\/\/agrinichoirs.fr\/wp-content\/uploads\/2025\/01\/20240623_192848-1536x1152.jpg 1536w, https:\/\/agrinichoirs.fr\/wp-content\/uploads\/2025\/01\/20240623_192848-2048x1536.jpg 2048w\" sizes=\"(max-width: 1024px) 100vw, 1024px\" \/><\/figure>","protected":false},"excerpt":{"rendered":"<p>M\u00e2ts d&rsquo;Hospitalit\u00e9 Recr\u00e9er des habitats naturels disparus Une innovation n\u00e9e de l&rsquo;observation de la nature : les M\u00e2ts d&rsquo;Hospitalit\u00e9, imagin\u00e9s par l&rsquo;association R\u00e9ensauvager la Ferme (https:\/\/reensauvagerlaferme.fr\/) et d\u00e9velopp\u00e9s par Agrinichoirs, r\u00e9inventent les habitats naturels disparus en cr\u00e9ant des refuges modernes pour la biodiversit\u00e9. D\u00e9j\u00e0 une dizaine de m\u00e2ts install\u00e9s avec des r\u00e9sultats enthousiasmants : Faucons [&hellip;]<\/p>\n","protected":false},"author":1,"featured_media":934,"parent":0,"menu_order":0,"comment_status":"closed","ping_status":"closed","template":"","meta":{"ub_ctt_via":"","_monsterinsights_skip_tracking":false,"_monsterinsights_sitenote_active":false,"_monsterinsights_sitenote_note":"","_monsterinsights_sitenote_category":0,"footnotes":""},"class_list":["post-931","page","type-page","status-publish","has-post-thumbnail","hentry"],"featured_image_src":"https:\/\/agrinichoirs.fr\/wp-content\/uploads\/2025\/01\/20240623_192848-scaled.jpg","jetpack_sharing_enabled":true,"_links":{"self":[{"href":"https:\/\/agrinichoirs.fr\/index.php?rest_route=\/wp\/v2\/pages\/931","targetHints":{"allow":["GET"]}}],"collection":[{"href":"https:\/\/agrinichoirs.fr\/index.php?rest_route=\/wp\/v2\/pages"}],"about":[{"href":"https:\/\/agrinichoirs.fr\/index.php?rest_route=\/wp\/v2\/types\/page"}],"author":[{"embeddable":true,"href":"https:\/\/agrinichoirs.fr\/index.php?rest_route=\/wp\/v2\/users\/1"}],"replies":[{"embeddable":true,"href":"https:\/\/agrinichoirs.fr\/index.php?rest_route=%2Fwp%2Fv2%2Fcomments&post=931"}],"version-history":[{"count":6,"href":"https:\/\/agrinichoirs.fr\/index.php?rest_route=\/wp\/v2\/pages\/931\/revisions"}],"predecessor-version":[{"id":945,"href":"https:\/\/agrinichoirs.fr\/index.php?rest_route=\/wp\/v2\/pages\/931\/revisions\/945"}],"wp:featuredmedia":[{"embeddable":true,"href":"https:\/\/agrinichoirs.fr\/index.php?rest_route=\/wp\/v2\/media\/934"}],"wp:attachment":[{"href":"https:\/\/agrinichoirs.fr\/index.php?rest_route=%2Fwp%2Fv2%2Fmedia&parent=931"}],"curies":[{"name":"wp","href":"https:\/\/api.w.org\/{rel}","templated":true}]}}