{"id":9,"date":"2018-01-21T14:44:03","date_gmt":"2018-01-21T13:44:03","guid":{"rendered":"http:\/\/agrinichoirs.fr\/?page_id=9"},"modified":"2025-01-04T10:35:41","modified_gmt":"2025-01-04T09:35:41","slug":"contact","status":"publish","type":"page","link":"https:\/\/agrinichoirs.fr\/?page_id=9","title":{"rendered":"Contact \/ Devis"},"content":{"rendered":"<div class=\"wp-block-columns is-layout-flex wp-container-core-columns-is-layout-9d6595d7 wp-block-columns-is-layout-flex\"><div class=\"wp-block-column is-layout-flow wp-block-column-is-layout-flow\" style=\"flex-basis:33.33%\"><div class=\"wp-block-image\"><figure class=\"aligncenter size-large\"><img fetchpriority=\"high\" decoding=\"async\" width=\"1024\" height=\"1022\" src=\"https:\/\/agrinichoirs.fr\/wp-content\/uploads\/2022\/04\/Agrinichoirs.fr_-1024x1022.jpg\" alt=\"\" class=\"wp-image-604\" srcset=\"https:\/\/agrinichoirs.fr\/wp-content\/uploads\/2022\/04\/Agrinichoirs.fr_-1024x1022.jpg 1024w, https:\/\/agrinichoirs.fr\/wp-content\/uploads\/2022\/04\/Agrinichoirs.fr_-300x300.jpg 300w, https:\/\/agrinichoirs.fr\/wp-content\/uploads\/2022\/04\/Agrinichoirs.fr_-100x100.jpg 100w, https:\/\/agrinichoirs.fr\/wp-content\/uploads\/2022\/04\/Agrinichoirs.fr_-600x599.jpg 600w, https:\/\/agrinichoirs.fr\/wp-content\/uploads\/2022\/04\/Agrinichoirs.fr_-150x150.jpg 150w, https:\/\/agrinichoirs.fr\/wp-content\/uploads\/2022\/04\/Agrinichoirs.fr_-768x767.jpg 768w, https:\/\/agrinichoirs.fr\/wp-content\/uploads\/2022\/04\/Agrinichoirs.fr_-1536x1533.jpg 1536w, https:\/\/agrinichoirs.fr\/wp-content\/uploads\/2022\/04\/Agrinichoirs.fr_-2048x2044.jpg 2048w\" sizes=\"(max-width: 1024px) 100vw, 1024px\" \/><\/figure><\/div><\/div>\n\n<div class=\"wp-block-column is-layout-flow wp-block-column-is-layout-flow\" style=\"flex-basis:66.66%\"><section id=\"block-5\" class=\"widget widget_block widget_text\">\n<p style=\"text-align: center;\"><span style=\"font-size: 24pt;\"><strong>NOUS INTERVENONS <\/strong><\/span><\/p>\n<p style=\"text-align: center;\"><span style=\"font-size: 24pt;\"><strong>SUR TOUTE LA FRANCE.<\/strong> <\/span><\/p>\n<\/section>\n<section id=\"block-7\" class=\"widget widget_block widget_text\"><\/section>\n<section id=\"block-8\" class=\"widget widget_block widget_text\">\n<\/section><\/div><\/div><hr class=\"wp-block-separator is-style-default\"\/><p>\u00a0<\/p>\n<p style=\"text-align: center;\"><span style=\"font-size: 24pt; color: #008000;\"><strong>Des questions? Un devis?<\/strong><\/span><\/p>\n<p style=\"text-align: center;\">\u00a0<\/p>\n<p style=\"text-align: center;\"><span style=\"font-size: 24pt; color: #008000;\"><strong>Vous pouvez prendre d\u00e8s maintenant un rendez vous pour que nous puissions r\u00e9pondre \u00e0 toutes vos questions!<\/strong><\/span><\/p><p class=\"has-medium-font-size\">Prenez un rendez-vous t\u00e9l\u00e9phonique gratuit de 30 minutes. C&rsquo;est l&rsquo;occasion id\u00e9ale pour \u00e9changer sur vos besoins, r\u00e9pondre \u00e0 vos questions et explorer ensemble les meilleures solutions. Cliquez simplement sur le lien ci-dessous pour choisir le cr\u00e9neau qui vous convient le mieux dans mon agenda :<strong> <a href=\"https:\/\/calendly.com\/bricelemaire\/rendez-vous-tel\">R\u00e9server mon appel<\/a>.<\/strong><\/p><p class=\"has-black-color has-text-color\" style=\"font-size:24px\"><strong>Vous pouvez aussi nous contacter par mail, nous ferons au mieux pour vous r\u00e9pondre dans les meilleurs d\u00e9lais<\/strong>.<\/p><div class=\"wp-block-contact-form-7-contact-form-selector\"><div role=\"form\" class=\"wpcf7\" id=\"wpcf7-f203-o1\" lang=\"fr-FR\" dir=\"ltr\">\n<div class=\"screen-reader-response\"><p role=\"status\" aria-live=\"polite\" aria-atomic=\"true\"><\/p> <ul><\/ul><\/div>\n<form action=\"\/index.php?rest_route=%2Fwp%2Fv2%2Fpages%2F9#wpcf7-f203-o1\" method=\"post\" class=\"wpcf7-form init\" novalidate=\"novalidate\" data-status=\"init\">\n<div style=\"display: none;\">\n<input type=\"hidden\" name=\"_wpcf7\" value=\"203\" \/>\n<input type=\"hidden\" name=\"_wpcf7_version\" value=\"5.5.6\" \/>\n<input type=\"hidden\" name=\"_wpcf7_locale\" value=\"fr_FR\" \/>\n<input type=\"hidden\" name=\"_wpcf7_unit_tag\" value=\"wpcf7-f203-o1\" \/>\n<input type=\"hidden\" name=\"_wpcf7_container_post\" value=\"0\" \/>\n<input type=\"hidden\" name=\"_wpcf7_posted_data_hash\" value=\"\" \/>\n<\/div>\n<fieldset>\n<legend>Formulaire<\/legend>\n<ol>\n<li>NOM <span class=\"wpcf7-form-control-wrap nom\"><input type=\"text\" name=\"nom\" value=\"\" size=\"40\" class=\"wpcf7-form-control wpcf7-text wpcf7-validates-as-required\" aria-required=\"true\" aria-invalid=\"false\" placeholder=\"NOM\" \/><\/span><\/li>\n<li>Pr\u00e9nom <span class=\"wpcf7-form-control-wrap prenom\"><input type=\"text\" name=\"prenom\" value=\"\" size=\"40\" class=\"wpcf7-form-control wpcf7-text wpcf7-validates-as-required\" aria-required=\"true\" aria-invalid=\"false\" placeholder=\"Pr\u00e9nom\" \/><\/span><\/li>\n<li>Courriel <span class=\"wpcf7-form-control-wrap courriel\"><input type=\"email\" name=\"courriel\" value=\"\" size=\"40\" class=\"wpcf7-form-control wpcf7-text wpcf7-email wpcf7-validates-as-required wpcf7-validates-as-email\" aria-required=\"true\" aria-invalid=\"false\" placeholder=\"ex : votrecourriel@mail.fr\" \/><\/span><\/li>\n<li>T\u00e9l\u00e9phone <span class=\"wpcf7-form-control-wrap tel\"><input type=\"tel\" name=\"tel\" value=\"\" size=\"40\" class=\"wpcf7-form-control wpcf7-text wpcf7-tel wpcf7-validates-as-required wpcf7-validates-as-tel\" aria-required=\"true\" aria-invalid=\"false\" placeholder=\"ex : 04 75 00 00 00\" \/><\/span><\/li>\n<li>Vous souhaitez : <span class=\"wpcf7-form-control-wrap sujet\"><select name=\"sujet\" class=\"wpcf7-form-control wpcf7-select wpcf7-validates-as-required\" aria-required=\"true\" aria-invalid=\"false\"><option value=\"\">---<\/option><option value=\"Un devis\">Un devis<\/option><option value=\"Autre demande\">Autre demande<\/option><\/select><\/span><\/li>\n<li><span class=\"wpcf7-form-control-wrap textarea-764\"><textarea name=\"textarea-764\" cols=\"40\" rows=\"10\" class=\"wpcf7-form-control wpcf7-textarea wpcf7-validates-as-required\" aria-required=\"true\" aria-invalid=\"false\"><\/textarea><\/span>\n<p>\n\t\t\t\t* Obligatoire\n\t\t\t<\/p>\n<\/li>\n<\/ol>\n<p>\t<input type=\"submit\" value=\"Envoyer\" class=\"wpcf7-form-control has-spinner wpcf7-submit\" \/><br \/>\n<span class=\"wpcf7-form-control-wrap acceptance-681\"><span class=\"wpcf7-form-control wpcf7-acceptance optional\"><span class=\"wpcf7-list-item\"><input type=\"checkbox\" name=\"acceptance-681\" value=\"1\" aria-invalid=\"false\" \/><\/span><\/span><\/span>\n<\/p><\/fieldset>\n<div class=\"wpcf7-response-output\" aria-hidden=\"true\"><\/div><\/form><\/div><\/div>","protected":false},"excerpt":{"rendered":"<p>NOUS INTERVENONS SUR TOUTE LA FRANCE. \u00a0 Des questions? Un devis? \u00a0 Vous pouvez prendre d\u00e8s maintenant un rendez vous pour que nous puissions r\u00e9pondre \u00e0 toutes vos questions! Prenez un rendez-vous t\u00e9l\u00e9phonique gratuit de 30 minutes. C&rsquo;est l&rsquo;occasion id\u00e9ale pour \u00e9changer sur vos besoins, r\u00e9pondre \u00e0 vos questions et explorer ensemble les meilleures solutions. [&hellip;]<\/p>\n","protected":false},"author":1,"featured_media":449,"parent":0,"menu_order":0,"comment_status":"closed","ping_status":"closed","template":"","meta":{"ub_ctt_via":"","_monsterinsights_skip_tracking":false,"_monsterinsights_sitenote_active":false,"_monsterinsights_sitenote_note":"","_monsterinsights_sitenote_category":0,"footnotes":""},"class_list":["post-9","page","type-page","status-publish","has-post-thumbnail","hentry"],"featured_image_src":"https:\/\/agrinichoirs.fr\/wp-content\/uploads\/2022\/04\/image.png","jetpack_sharing_enabled":true,"_links":{"self":[{"href":"https:\/\/agrinichoirs.fr\/index.php?rest_route=\/wp\/v2\/pages\/9","targetHints":{"allow":["GET"]}}],"collection":[{"href":"https:\/\/agrinichoirs.fr\/index.php?rest_route=\/wp\/v2\/pages"}],"about":[{"href":"https:\/\/agrinichoirs.fr\/index.php?rest_route=\/wp\/v2\/types\/page"}],"author":[{"embeddable":true,"href":"https:\/\/agrinichoirs.fr\/index.php?rest_route=\/wp\/v2\/users\/1"}],"replies":[{"embeddable":true,"href":"https:\/\/agrinichoirs.fr\/index.php?rest_route=%2Fwp%2Fv2%2Fcomments&post=9"}],"version-history":[{"count":22,"href":"https:\/\/agrinichoirs.fr\/index.php?rest_route=\/wp\/v2\/pages\/9\/revisions"}],"predecessor-version":[{"id":940,"href":"https:\/\/agrinichoirs.fr\/index.php?rest_route=\/wp\/v2\/pages\/9\/revisions\/940"}],"wp:featuredmedia":[{"embeddable":true,"href":"https:\/\/agrinichoirs.fr\/index.php?rest_route=\/wp\/v2\/media\/449"}],"wp:attachment":[{"href":"https:\/\/agrinichoirs.fr\/index.php?rest_route=%2Fwp%2Fv2%2Fmedia&parent=9"}],"curies":[{"name":"wp","href":"https:\/\/api.w.org\/{rel}","templated":true}]}}