{"id":8,"date":"2018-01-21T14:44:03","date_gmt":"2018-01-21T13:44:03","guid":{"rendered":"http:\/\/agrinichoirs.fr\/?page_id=8"},"modified":"2025-09-30T13:19:37","modified_gmt":"2025-09-30T11:19:37","slug":"a-propos-de","status":"publish","type":"page","link":"https:\/\/agrinichoirs.fr\/","title":{"rendered":"LA SOLUTION CLEF EN MAIN POUR \u00c9QUIPER VOS PARCELLES DE NICHOIRS\u00a0EN HAUTE DENSIT\u00c9"},"content":{"rendered":"<div class=\"wp-block-columns is-layout-flex wp-container-core-columns-is-layout-9d6595d7 wp-block-columns-is-layout-flex\"><div class=\"wp-block-column is-layout-flow wp-block-column-is-layout-flow\"><hr class=\"wp-block-separator has-css-opacity is-style-dots\"\/>\n\n<div class=\"wp-block-columns is-layout-flex wp-container-core-columns-is-layout-9d6595d7 wp-block-columns-is-layout-flex\"><div class=\"wp-block-column is-layout-flow wp-block-column-is-layout-flow\"><figure class=\"wp-block-image size-large is-style-default\"><img decoding=\"async\" src=\"https:\/\/agrinichoirs.fr\/wp-content\/uploads\/2022\/04\/BERG1Nichoirs-24-of-27-1024x683.jpg\" alt=\"\" class=\"wp-image-373\"\/><\/figure>\n\n<p style=\"text-align: center;\"><span style=\"font-size: 18pt;\"><strong>Fabrication<\/strong> de nichoirs adapt\u00e9s aux conditions agricoles<\/span><\/p>\n\n<figure class=\"wp-block-image size-full\"><img fetchpriority=\"high\" decoding=\"async\" width=\"449\" height=\"299\" src=\"https:\/\/agrinichoirs.fr\/wp-content\/uploads\/2022\/04\/suivis_1.jpg\" alt=\"\" class=\"wp-image-568\" srcset=\"https:\/\/agrinichoirs.fr\/wp-content\/uploads\/2022\/04\/suivis_1.jpg 449w, https:\/\/agrinichoirs.fr\/wp-content\/uploads\/2022\/04\/suivis_1-300x200.jpg 300w\" sizes=\"(max-width: 449px) 100vw, 449px\" \/><\/figure>\n\n<p class=\"has-text-align-center has-medium-font-size\"><strong>Suivis d\u2019occupation<\/strong> des nichoirs et abris install\u00e9s<\/p>\n\n<hr class=\"wp-block-separator has-css-opacity is-style-dots\"\/><\/div>\n\n<div class=\"wp-block-column is-layout-flow wp-block-column-is-layout-flow\"><figure class=\"wp-block-image size-large is-style-default\"><img decoding=\"async\" width=\"1024\" height=\"683\" src=\"https:\/\/agrinichoirs.fr\/wp-content\/uploads\/2022\/04\/frost-1-of-1-8-1024x683.jpg\" alt=\"\" class=\"wp-image-567\" srcset=\"https:\/\/agrinichoirs.fr\/wp-content\/uploads\/2022\/04\/frost-1-of-1-8-1024x683.jpg 1024w, https:\/\/agrinichoirs.fr\/wp-content\/uploads\/2022\/04\/frost-1-of-1-8-scaled-600x400.jpg 600w, https:\/\/agrinichoirs.fr\/wp-content\/uploads\/2022\/04\/frost-1-of-1-8-300x200.jpg 300w, https:\/\/agrinichoirs.fr\/wp-content\/uploads\/2022\/04\/frost-1-of-1-8-768x512.jpg 768w, https:\/\/agrinichoirs.fr\/wp-content\/uploads\/2022\/04\/frost-1-of-1-8-1536x1024.jpg 1536w, https:\/\/agrinichoirs.fr\/wp-content\/uploads\/2022\/04\/frost-1-of-1-8-2048x1365.jpg 2048w\" sizes=\"(max-width: 1024px) 100vw, 1024px\" \/><\/figure>\n\n<p style=\"text-align: center;\"><span style=\"font-size: 18pt;\"><strong>Installation<\/strong> et g\u00e9olocalisation en haute densit\u00e9<\/span><\/p>\n\n<div class=\"wp-block-columns is-layout-flex wp-container-core-columns-is-layout-9d6595d7 wp-block-columns-is-layout-flex\"><div class=\"wp-block-column is-layout-flow wp-block-column-is-layout-flow\"><figure class=\"wp-block-image size-full is-resized\"><img decoding=\"async\" width=\"309\" height=\"206\" src=\"https:\/\/agrinichoirs.fr\/wp-content\/uploads\/2022\/04\/rapport_1-1-edited-1.png\" alt=\"\" class=\"wp-image-581\" style=\"width:406px;height:271px\" srcset=\"https:\/\/agrinichoirs.fr\/wp-content\/uploads\/2022\/04\/rapport_1-1-edited-1.png 309w, https:\/\/agrinichoirs.fr\/wp-content\/uploads\/2022\/04\/rapport_1-1-edited-1-300x200.png 300w\" sizes=\"(max-width: 309px) 100vw, 309px\" \/><\/figure>\n\n<p class=\"has-text-align-center has-medium-font-size\"><strong>Rapports d\u00e9taill\u00e9s<\/strong> et expertise<\/p><\/div><\/div><\/div><\/div>\n\n<h2 class=\"wp-block-heading\">RESTAURER UNE BIODIVERSIT\u00c9 AGRICOLE POUR DIMINUER LES TRAITEMENTS<\/h2>\n\n<h4 class=\"wp-block-heading\">LA BIODIVERSIT\u00c9 EST EN D\u00c9CLIN, L&rsquo;AGRICULTURE EST UNE SOLUTION<\/h4>\n\n<p style=\"text-align: justify;\">La simplification des milieux et certains types d&rsquo;agriculture entrainent des d\u00e9gradations d&rsquo;\u00e9cosyst\u00e8mes. Mais il est aussi possible de s&rsquo;appuyer sur les forces des esp\u00e8ces pour produire une alimentation avec un minimum d&rsquo;intrants: dans les cultures, de nombreux insectes ravageurs peuvent \u00eatre consomm\u00e9s en grandes quantit\u00e9s par des insectivores. Il suffit juste de leur proposer le g\u00eete. De plus en plus d&rsquo;\u00e9tudes scientifiques montrent l&rsquo;efficacit\u00e9 de ces techniques: pour cela voir notamment \u00ab\u00a0Biodiversit\u00e9 et r\u00e9gulation des ravageurs en arboriculture fruiti\u00e8re\u00a0\u00bb et les nombreuses autres publications du <a href=\"https:\/\/plateforme-documentaire.ctifl.fr\/Main.htm\">CTIFL<\/a>, ou de l&rsquo;<a href=\"https:\/\/hal.inrae.fr\/hal-02824075\/document\">INRAe<\/a>.<\/p>\n\n<hr class=\"wp-block-separator has-css-opacity is-style-dots\"\/>\n\n<div class=\"wp-block-columns is-layout-flex wp-container-core-columns-is-layout-9d6595d7 wp-block-columns-is-layout-flex\"><div class=\"wp-block-column is-layout-flow wp-block-column-is-layout-flow\" style=\"flex-basis:33.33%\"><figure class=\"wp-block-image size-large\"><img decoding=\"async\" src=\"https:\/\/agrinichoirs.fr\/wp-content\/uploads\/2022\/04\/frost-1-of-1-37-768x1024.jpg\" alt=\"\" class=\"wp-image-588\"\/><\/figure><\/div>\n\n<div class=\"wp-block-column is-layout-flow wp-block-column-is-layout-flow\" style=\"flex-basis:66.66%\"><h2 class=\"wp-block-heading\">UNE VRAIE EXPERTISE AU SERVICE DES AGRICULTEURS<\/h2>\n\n<h4 class=\"wp-block-heading\">UNE PROPOSITION UNIQUE ET INNOVANTE<\/h4>\n\n<p style=\"text-align: justify;\">Avec plus de vingt mille nichoirs install\u00e9s et suivis dans des fermes depuis 2016, Agrinichoirs vous accompagne dans <strong>votre projet<\/strong> tout en <strong>maitrisant les co\u00fbts <\/strong>: pour moins cher qu&rsquo;un nichoir du commerce, Agrinichoirs r\u00e9alise l&rsquo;installation et le suivi des nichoirs ! Ainsi vous pouvez en plus mesurer et objectiver l&rsquo;efficacit\u00e9 de votre investissement.<\/p><\/div><\/div><\/div><\/div><div class=\"wp-block-columns is-layout-flex wp-container-core-columns-is-layout-9d6595d7 wp-block-columns-is-layout-flex\"><div class=\"wp-block-column is-layout-flow wp-block-column-is-layout-flow\" style=\"flex-basis:66.66%\"><h2 class=\"wp-block-heading\">UNE ENTREPRISE POUR LE D\u00c9VELOPPEMENT D&rsquo;UNE TECHNIQUE<\/h2>\n\n<h4 class=\"wp-block-heading\">CR\u00c9E PAR UN AGRONOME NATURALISTE<\/h4>\n\n<p style=\"text-align: justify;\">Passionn\u00e9 par l\u2019agriculture et ses enjeux environnementaux \u00e9normes,\u00a0 Brice le Maire g\u00e9rant et fondateur de la SARL Agrinichoirs cherche des solutions qui vont dans le sens d\u2019une coh\u00e9rence de notre lien avec le vivant. Le potentiel des agriculteurs \u00e0 cr\u00e9er ce tissu du vivant est d\u00e9multipli\u00e9 de par leur travail et les surfaces qu\u2019ils touchent.<\/p>\n<p style=\"text-align: justify;\">Il faut trouver des solutions motivantes : quel bonheur de voir une famille de m\u00e9sange ou une colonie de chauve-souris au c\u0153ur du verger, voila les nouveaux coll\u00e8gues de travail de demain !<\/p><\/div>\n\n<div class=\"wp-block-column is-layout-flow wp-block-column-is-layout-flow\" style=\"flex-basis:33.33%\"><figure class=\"wp-block-image size-large\"><img loading=\"lazy\" decoding=\"async\" width=\"603\" height=\"1024\" src=\"https:\/\/agrinichoirs.fr\/wp-content\/uploads\/2022\/04\/chiro_photo-603x1024.jpg\" alt=\"\" class=\"wp-image-591\" srcset=\"https:\/\/agrinichoirs.fr\/wp-content\/uploads\/2022\/04\/chiro_photo-603x1024.jpg 603w, https:\/\/agrinichoirs.fr\/wp-content\/uploads\/2022\/04\/chiro_photo-600x1019.jpg 600w, https:\/\/agrinichoirs.fr\/wp-content\/uploads\/2022\/04\/chiro_photo-177x300.jpg 177w, https:\/\/agrinichoirs.fr\/wp-content\/uploads\/2022\/04\/chiro_photo.jpg 748w\" sizes=\"(max-width: 603px) 100vw, 603px\" \/><\/figure><\/div><\/div><hr class=\"wp-block-separator has-css-opacity is-style-default\"\/><p style=\"text-align: center;\"><strong>Ils nous ont fait confiance<\/strong><\/p>\t\t\r\n\t\t\r\n\t\t<style>\t\r\n\t\t\t\t\t\t\t#lswssp-logo-carousel-1 .lswssp-logo-img-wrap .lswssp-logo-img{max-height:200px}\r\n\t\t\t\t\t<\/style>\r\n\r\n\t\t<div class=\"lswssp-wrap lswssp-logo-showcase lswssp-logo-carousel-wrap lswssp-post-data-wrap lswssp-design-1  lswssp-center lswssp-default-height\">\r\n\t<div class=\"lswssp-logo-carousel lswssp-logo-carousel-inr-wrap lswssp-post-data-inr-wrap lswssp-tooltip-conf lswssp-clearfix\" id=\"lswssp-logo-carousel-1\" data-conf=\"{&quot;id&quot;:&quot;544&quot;,&quot;css_class&quot;:&quot; lswssp-center lswssp-default-height&quot;,&quot;display_type&quot;:&quot;slider&quot;,&quot;images&quot;:[549,550,551,552,554,553,555,556,557,558,559,560,561,562,563,564,850,893,894,895,896,899,902,903,904,905,906,907,910,909,908],&quot;design&quot;:&quot;design-1&quot;,&quot;show_title&quot;:false,&quot;show_desc&quot;:false,&quot;link_target&quot;:&quot;_blank&quot;,&quot;min_height&quot;:&quot;&quot;,&quot;max_height&quot;:200,&quot;slides_show&quot;:5,&quot;slides_scroll&quot;:1,&quot;autoplay&quot;:true,&quot;autoplay_speed&quot;:3000,&quot;speed&quot;:1000,&quot;arrow&quot;:true,&quot;dots&quot;:false,&quot;pause_on_hover&quot;:true,&quot;loop&quot;:true,&quot;centermode&quot;:true,&quot;center_padding&quot;:0,&quot;ipad&quot;:&quot;&quot;,&quot;tablet&quot;:&quot;&quot;,&quot;mobile&quot;:&quot;&quot;,&quot;unique&quot;:1,&quot;count&quot;:0,&quot;slide_to_show&quot;:5,&quot;slide_to_show_ipad&quot;:3,&quot;slide_to_show_tablet&quot;:2,&quot;slide_to_show_mobile&quot;:1}\"><div class=\"lswssp-slide lswssp-post-549\">\r\n\t<div class=\"lswssp-slide-inner\">\r\n\t\t<div class=\"lswssp-logo-img-wrap\">\r\n\t\t\t\t\t\t\t<img decoding=\"async\" class=\"lswssp-logo-img\" src=\"https:\/\/agrinichoirs.fr\/wp-content\/uploads\/2022\/04\/200609_GALOUPET_Logotype_CMJN_Noir.jpg\" alt=\"200609_GALOUPET_Logotype_CMJN_Noir\" \/>\r\n\t\t\t\t\t<\/div>\r\n\r\n\t\t\t<\/div>\r\n<\/div><div class=\"lswssp-slide lswssp-post-550\">\r\n\t<div class=\"lswssp-slide-inner\">\r\n\t\t<div class=\"lswssp-logo-img-wrap\">\r\n\t\t\t\t\t\t\t<img decoding=\"async\" class=\"lswssp-logo-img\" src=\"https:\/\/agrinichoirs.fr\/wp-content\/uploads\/2022\/04\/bayard-jpeg.jpg\" alt=\"bayard jpeg\" \/>\r\n\t\t\t\t\t<\/div>\r\n\r\n\t\t\t<\/div>\r\n<\/div><div class=\"lswssp-slide lswssp-post-551\">\r\n\t<div class=\"lswssp-slide-inner\">\r\n\t\t<div class=\"lswssp-logo-img-wrap\">\r\n\t\t\t\t\t\t\t<img decoding=\"async\" class=\"lswssp-logo-img\" src=\"https:\/\/agrinichoirs.fr\/wp-content\/uploads\/2022\/04\/Beaurenard-NB-logo-complet.jpg\" alt=\"Beaurenard N&amp;B logo complet\" \/>\r\n\t\t\t\t\t<\/div>\r\n\r\n\t\t\t<\/div>\r\n<\/div><div class=\"lswssp-slide lswssp-post-552\">\r\n\t<div class=\"lswssp-slide-inner\">\r\n\t\t<div class=\"lswssp-logo-img-wrap\">\r\n\t\t\t\t\t\t\t<img decoding=\"async\" class=\"lswssp-logo-img\" src=\"https:\/\/agrinichoirs.fr\/wp-content\/uploads\/2022\/04\/Chateau-Brown.jpg\" alt=\"Brown logo depuis 17952017\" \/>\r\n\t\t\t\t\t<\/div>\r\n\r\n\t\t\t<\/div>\r\n<\/div><div class=\"lswssp-slide lswssp-post-554\">\r\n\t<div class=\"lswssp-slide-inner\">\r\n\t\t<div class=\"lswssp-logo-img-wrap\">\r\n\t\t\t\t\t\t\t<img decoding=\"async\" class=\"lswssp-logo-img\" src=\"https:\/\/agrinichoirs.fr\/wp-content\/uploads\/2022\/04\/grand-laval.png\" alt=\"grand laval\" \/>\r\n\t\t\t\t\t<\/div>\r\n\r\n\t\t\t<\/div>\r\n<\/div><div class=\"lswssp-slide lswssp-post-553\">\r\n\t<div class=\"lswssp-slide-inner\">\r\n\t\t<div class=\"lswssp-logo-img-wrap\">\r\n\t\t\t\t\t\t\t<img decoding=\"async\" class=\"lswssp-logo-img\" src=\"https:\/\/agrinichoirs.fr\/wp-content\/uploads\/2022\/04\/chateau-Les-Valentines.jpg\" alt=\"chateau Les Valentines\" \/>\r\n\t\t\t\t\t<\/div>\r\n\r\n\t\t\t<\/div>\r\n<\/div><div class=\"lswssp-slide lswssp-post-555\">\r\n\t<div class=\"lswssp-slide-inner\">\r\n\t\t<div class=\"lswssp-logo-img-wrap\">\r\n\t\t\t\t\t\t\t<img decoding=\"async\" class=\"lswssp-logo-img\" src=\"https:\/\/agrinichoirs.fr\/wp-content\/uploads\/2022\/04\/hukulumbarros-blason-bleu.jpg\" alt=\"hukulumbarros-blason-bleu\" \/>\r\n\t\t\t\t\t<\/div>\r\n\r\n\t\t\t<\/div>\r\n<\/div><div class=\"lswssp-slide lswssp-post-556\">\r\n\t<div class=\"lswssp-slide-inner\">\r\n\t\t<div class=\"lswssp-logo-img-wrap\">\r\n\t\t\t\t\t\t\t<img decoding=\"async\" class=\"lswssp-logo-img\" src=\"https:\/\/agrinichoirs.fr\/wp-content\/uploads\/2022\/04\/latour.jpg\" alt=\"latour\" \/>\r\n\t\t\t\t\t<\/div>\r\n\r\n\t\t\t<\/div>\r\n<\/div><div class=\"lswssp-slide lswssp-post-557\">\r\n\t<div class=\"lswssp-slide-inner\">\r\n\t\t<div class=\"lswssp-logo-img-wrap\">\r\n\t\t\t\t\t\t\t<img decoding=\"async\" class=\"lswssp-logo-img\" src=\"https:\/\/agrinichoirs.fr\/wp-content\/uploads\/2022\/04\/les-vergers-d-EMMA-scaled.jpg\" alt=\"les vergers d EMMA\" \/>\r\n\t\t\t\t\t<\/div>\r\n\r\n\t\t\t<\/div>\r\n<\/div><div class=\"lswssp-slide lswssp-post-558\">\r\n\t<div class=\"lswssp-slide-inner\">\r\n\t\t<div class=\"lswssp-logo-img-wrap\">\r\n\t\t\t\t\t\t\t<img decoding=\"async\" class=\"lswssp-logo-img\" src=\"https:\/\/agrinichoirs.fr\/wp-content\/uploads\/2022\/04\/Logo-VeR-2020-France-Peches-abricots-scaled.jpg\" alt=\"VER LABEL 2020\" \/>\r\n\t\t\t\t\t<\/div>\r\n\r\n\t\t\t<\/div>\r\n<\/div><div class=\"lswssp-slide lswssp-post-559\">\r\n\t<div class=\"lswssp-slide-inner\">\r\n\t\t<div class=\"lswssp-logo-img-wrap\">\r\n\t\t\t\t\t\t\t<img decoding=\"async\" class=\"lswssp-logo-img\" src=\"https:\/\/agrinichoirs.fr\/wp-content\/uploads\/2022\/04\/Logo_Giscours_CMJN.jpg\" alt=\"Logo_Giscours_CMJN\" \/>\r\n\t\t\t\t\t<\/div>\r\n\r\n\t\t\t<\/div>\r\n<\/div><div class=\"lswssp-slide lswssp-post-560\">\r\n\t<div class=\"lswssp-slide-inner\">\r\n\t\t<div class=\"lswssp-logo-img-wrap\">\r\n\t\t\t\t\t\t\t<img decoding=\"async\" class=\"lswssp-logo-img\" src=\"https:\/\/agrinichoirs.fr\/wp-content\/uploads\/2022\/04\/Terre-de-crau_logo_rvb-scaled.jpg\" alt=\"Terre de crau_logo_rvb\" \/>\r\n\t\t\t\t\t<\/div>\r\n\r\n\t\t\t<\/div>\r\n<\/div><div class=\"lswssp-slide lswssp-post-561\">\r\n\t<div class=\"lswssp-slide-inner\">\r\n\t\t<div class=\"lswssp-logo-img-wrap\">\r\n\t\t\t\t\t\t\t<img decoding=\"async\" class=\"lswssp-logo-img\" src=\"https:\/\/agrinichoirs.fr\/wp-content\/uploads\/2022\/04\/logo-prieure-mayran.jpg\" alt=\"logo prieure mayran\" \/>\r\n\t\t\t\t\t<\/div>\r\n\r\n\t\t\t<\/div>\r\n<\/div><div class=\"lswssp-slide lswssp-post-562\">\r\n\t<div class=\"lswssp-slide-inner\">\r\n\t\t<div class=\"lswssp-logo-img-wrap\">\r\n\t\t\t\t\t\t\t<img decoding=\"async\" class=\"lswssp-logo-img\" src=\"https:\/\/agrinichoirs.fr\/wp-content\/uploads\/2022\/04\/maison-Sinae-sans-agrinichoirs.png\" alt=\"maison Sinae sans agrinichoirs\" \/>\r\n\t\t\t\t\t<\/div>\r\n\r\n\t\t\t<\/div>\r\n<\/div><div class=\"lswssp-slide lswssp-post-563\">\r\n\t<div class=\"lswssp-slide-inner\">\r\n\t\t<div class=\"lswssp-logo-img-wrap\">\r\n\t\t\t\t\t\t\t<img decoding=\"async\" class=\"lswssp-logo-img\" src=\"https:\/\/agrinichoirs.fr\/wp-content\/uploads\/2022\/04\/pouzaranqueRond_N.jpg\" alt=\"pouzaranqueRond_N\" \/>\r\n\t\t\t\t\t<\/div>\r\n\r\n\t\t\t<\/div>\r\n<\/div><div class=\"lswssp-slide lswssp-post-564\">\r\n\t<div class=\"lswssp-slide-inner\">\r\n\t\t<div class=\"lswssp-logo-img-wrap\">\r\n\t\t\t\t\t\t\t<img decoding=\"async\" class=\"lswssp-logo-img\" src=\"https:\/\/agrinichoirs.fr\/wp-content\/uploads\/2022\/04\/LOGO_VALLEON_monochrome-noir.jpg\" alt=\"LOGO_VALLEON_monochrome-noir\" \/>\r\n\t\t\t\t\t<\/div>\r\n\r\n\t\t\t<\/div>\r\n<\/div><div class=\"lswssp-slide lswssp-post-850\">\r\n\t<div class=\"lswssp-slide-inner\">\r\n\t\t<div class=\"lswssp-logo-img-wrap\">\r\n\t\t\t\t\t\t\t<img decoding=\"async\" class=\"lswssp-logo-img\" src=\"https:\/\/agrinichoirs.fr\/wp-content\/uploads\/2023\/05\/image-35.png\" alt=\"image-35\" \/>\r\n\t\t\t\t\t<\/div>\r\n\r\n\t\t\t<\/div>\r\n<\/div><div class=\"lswssp-slide lswssp-post-893\">\r\n\t<div class=\"lswssp-slide-inner\">\r\n\t\t<div class=\"lswssp-logo-img-wrap\">\r\n\t\t\t\t\t\t\t<img decoding=\"async\" class=\"lswssp-logo-img\" src=\"https:\/\/agrinichoirs.fr\/wp-content\/uploads\/2023\/06\/LOGO-CAIRANNE-violet-fond-transparent-pdf.jpg\" alt=\"LOGO CAIRANNE violet fond transparent\" \/>\r\n\t\t\t\t\t<\/div>\r\n\r\n\t\t\t<\/div>\r\n<\/div><div class=\"lswssp-slide lswssp-post-894\">\r\n\t<div class=\"lswssp-slide-inner\">\r\n\t\t<div class=\"lswssp-logo-img-wrap\">\r\n\t\t\t\t\t\t\t<img decoding=\"async\" class=\"lswssp-logo-img\" src=\"https:\/\/agrinichoirs.fr\/wp-content\/uploads\/2023\/06\/Logo-Eugenie-sans-tampon.jpg\" alt=\"Logo Eug\u00e9nie sans tampon\" \/>\r\n\t\t\t\t\t<\/div>\r\n\r\n\t\t\t<\/div>\r\n<\/div><div class=\"lswssp-slide lswssp-post-895\">\r\n\t<div class=\"lswssp-slide-inner\">\r\n\t\t<div class=\"lswssp-logo-img-wrap\">\r\n\t\t\t\t\t\t\t<img decoding=\"async\" class=\"lswssp-logo-img\" src=\"https:\/\/agrinichoirs.fr\/wp-content\/uploads\/2023\/06\/logo-marque-CdT.jpg\" alt=\"Imprimer\" \/>\r\n\t\t\t\t\t<\/div>\r\n\r\n\t\t\t<\/div>\r\n<\/div><div class=\"lswssp-slide lswssp-post-896\">\r\n\t<div class=\"lswssp-slide-inner\">\r\n\t\t<div class=\"lswssp-logo-img-wrap\">\r\n\t\t\t\t\t\t\t<img decoding=\"async\" class=\"lswssp-logo-img\" src=\"https:\/\/agrinichoirs.fr\/wp-content\/uploads\/2023\/06\/TL-sans-St.Estephe-.jpg\" alt=\"TL sans St.Est\u00e8phe\" \/>\r\n\t\t\t\t\t<\/div>\r\n\r\n\t\t\t<\/div>\r\n<\/div><div class=\"lswssp-slide lswssp-post-899\">\r\n\t<div class=\"lswssp-slide-inner\">\r\n\t\t<div class=\"lswssp-logo-img-wrap\">\r\n\t\t\t\t\t\t\t<img decoding=\"async\" class=\"lswssp-logo-img\" src=\"https:\/\/agrinichoirs.fr\/wp-content\/uploads\/2023\/06\/Logo-CAMAISSETTE.png\" alt=\"Logo CAMAISSETTE\" \/>\r\n\t\t\t\t\t<\/div>\r\n\r\n\t\t\t<\/div>\r\n<\/div><div class=\"lswssp-slide lswssp-post-902\">\r\n\t<div class=\"lswssp-slide-inner\">\r\n\t\t<div class=\"lswssp-logo-img-wrap\">\r\n\t\t\t\t\t\t\t<img decoding=\"async\" class=\"lswssp-logo-img\" src=\"https:\/\/agrinichoirs.fr\/wp-content\/uploads\/2023\/06\/Logo-GT-seul.png\" alt=\"Logo GT seul\" \/>\r\n\t\t\t\t\t<\/div>\r\n\r\n\t\t\t<\/div>\r\n<\/div><div class=\"lswssp-slide lswssp-post-903\">\r\n\t<div class=\"lswssp-slide-inner\">\r\n\t\t<div class=\"lswssp-logo-img-wrap\">\r\n\t\t\t\t\t\t\t<img decoding=\"async\" class=\"lswssp-logo-img\" src=\"https:\/\/agrinichoirs.fr\/wp-content\/uploads\/2023\/06\/LOGO.PNG.png\" alt=\"LOGO.PNG\" \/>\r\n\t\t\t\t\t<\/div>\r\n\r\n\t\t\t<\/div>\r\n<\/div><div class=\"lswssp-slide lswssp-post-904\">\r\n\t<div class=\"lswssp-slide-inner\">\r\n\t\t<div class=\"lswssp-logo-img-wrap\">\r\n\t\t\t\t\t\t\t<img decoding=\"async\" class=\"lswssp-logo-img\" src=\"https:\/\/agrinichoirs.fr\/wp-content\/uploads\/2023\/06\/LogoADEVLResSquare.png\" alt=\"LogoADEVLResSquare\" \/>\r\n\t\t\t\t\t<\/div>\r\n\r\n\t\t\t<\/div>\r\n<\/div><div class=\"lswssp-slide lswssp-post-905\">\r\n\t<div class=\"lswssp-slide-inner\">\r\n\t\t<div class=\"lswssp-logo-img-wrap\">\r\n\t\t\t\t\t\t\t<img decoding=\"async\" class=\"lswssp-logo-img\" src=\"https:\/\/agrinichoirs.fr\/wp-content\/uploads\/2023\/06\/LORIFRUIT_verti.jpg\" alt=\"LORIFRUIT_verti\" \/>\r\n\t\t\t\t\t<\/div>\r\n\r\n\t\t\t<\/div>\r\n<\/div><div class=\"lswssp-slide lswssp-post-906\">\r\n\t<div class=\"lswssp-slide-inner\">\r\n\t\t<div class=\"lswssp-logo-img-wrap\">\r\n\t\t\t\t\t\t\t<img decoding=\"async\" class=\"lswssp-logo-img\" src=\"https:\/\/agrinichoirs.fr\/wp-content\/uploads\/2023\/06\/Rosobren-2.jpg\" alt=\"Rosobren-2\" \/>\r\n\t\t\t\t\t<\/div>\r\n\r\n\t\t\t<\/div>\r\n<\/div><div class=\"lswssp-slide lswssp-post-907\">\r\n\t<div class=\"lswssp-slide-inner\">\r\n\t\t<div class=\"lswssp-logo-img-wrap\">\r\n\t\t\t\t\t\t\t<img decoding=\"async\" class=\"lswssp-logo-img\" src=\"https:\/\/agrinichoirs.fr\/wp-content\/uploads\/2023\/06\/logo-grillet-sans-appel-1.jpg\" alt=\"Imprimer\" \/>\r\n\t\t\t\t\t<\/div>\r\n\r\n\t\t\t<\/div>\r\n<\/div><div class=\"lswssp-slide lswssp-post-910\">\r\n\t<div class=\"lswssp-slide-inner\">\r\n\t\t<div class=\"lswssp-logo-img-wrap\">\r\n\t\t\t\t\t\t\t<img decoding=\"async\" class=\"lswssp-logo-img\" src=\"https:\/\/agrinichoirs.fr\/wp-content\/uploads\/2023\/06\/HB-2022.png\" alt=\"HB 2022\" \/>\r\n\t\t\t\t\t<\/div>\r\n\r\n\t\t\t<\/div>\r\n<\/div><div class=\"lswssp-slide lswssp-post-909\">\r\n\t<div class=\"lswssp-slide-inner\">\r\n\t\t<div class=\"lswssp-logo-img-wrap\">\r\n\t\t\t\t\t\t\t<img decoding=\"async\" class=\"lswssp-logo-img\" src=\"https:\/\/agrinichoirs.fr\/wp-content\/uploads\/2023\/06\/Logo-ferme-villedieu-01.png\" alt=\"Logo ferme villedieu -01\" \/>\r\n\t\t\t\t\t<\/div>\r\n\r\n\t\t\t<\/div>\r\n<\/div><div class=\"lswssp-slide lswssp-post-908\">\r\n\t<div class=\"lswssp-slide-inner\">\r\n\t\t<div class=\"lswssp-logo-img-wrap\">\r\n\t\t\t\t\t\t\t<img decoding=\"async\" class=\"lswssp-logo-img\" src=\"https:\/\/agrinichoirs.fr\/wp-content\/uploads\/2023\/06\/LOGO-RASPAIL-1.jpg\" alt=\"LOGO RASPAIL-1\" \/>\r\n\t\t\t\t\t<\/div>\r\n\r\n\t\t\t<\/div>\r\n<\/div>\t<\/div>\r\n<\/div>","protected":false},"excerpt":{"rendered":"<p>Fabrication de nichoirs adapt\u00e9s aux conditions agricoles Suivis d\u2019occupation des nichoirs et abris install\u00e9s Installation et g\u00e9olocalisation en haute densit\u00e9 Rapports d\u00e9taill\u00e9s et expertise RESTAURER UNE BIODIVERSIT\u00c9 AGRICOLE POUR DIMINUER LES TRAITEMENTS LA BIODIVERSIT\u00c9 EST EN D\u00c9CLIN, L&rsquo;AGRICULTURE EST UNE SOLUTION La simplification des milieux et certains types d&rsquo;agriculture entrainent des d\u00e9gradations d&rsquo;\u00e9cosyst\u00e8mes. Mais il [&hellip;]<\/p>\n","protected":false},"author":1,"featured_media":535,"parent":0,"menu_order":0,"comment_status":"closed","ping_status":"closed","template":"","meta":{"ub_ctt_via":"","_monsterinsights_skip_tracking":false,"_monsterinsights_sitenote_active":false,"_monsterinsights_sitenote_note":"","_monsterinsights_sitenote_category":0,"footnotes":""},"class_list":["post-8","page","type-page","status-publish","has-post-thumbnail","hentry"],"featured_image_src":"https:\/\/agrinichoirs.fr\/wp-content\/uploads\/2022\/04\/GiscoursNichoirs-8-of-30-scaled.jpg","jetpack_sharing_enabled":true,"_links":{"self":[{"href":"https:\/\/agrinichoirs.fr\/index.php?rest_route=\/wp\/v2\/pages\/8","targetHints":{"allow":["GET"]}}],"collection":[{"href":"https:\/\/agrinichoirs.fr\/index.php?rest_route=\/wp\/v2\/pages"}],"about":[{"href":"https:\/\/agrinichoirs.fr\/index.php?rest_route=\/wp\/v2\/types\/page"}],"author":[{"embeddable":true,"href":"https:\/\/agrinichoirs.fr\/index.php?rest_route=\/wp\/v2\/users\/1"}],"replies":[{"embeddable":true,"href":"https:\/\/agrinichoirs.fr\/index.php?rest_route=%2Fwp%2Fv2%2Fcomments&post=8"}],"version-history":[{"count":37,"href":"https:\/\/agrinichoirs.fr\/index.php?rest_route=\/wp\/v2\/pages\/8\/revisions"}],"predecessor-version":[{"id":1342,"href":"https:\/\/agrinichoirs.fr\/index.php?rest_route=\/wp\/v2\/pages\/8\/revisions\/1342"}],"wp:featuredmedia":[{"embeddable":true,"href":"https:\/\/agrinichoirs.fr\/index.php?rest_route=\/wp\/v2\/media\/535"}],"wp:attachment":[{"href":"https:\/\/agrinichoirs.fr\/index.php?rest_route=%2Fwp%2Fv2%2Fmedia&parent=8"}],"curies":[{"name":"wp","href":"https:\/\/api.w.org\/{rel}","templated":true}]}}