{"id":182,"date":"2018-09-28T14:49:29","date_gmt":"2018-09-28T12:49:29","guid":{"rendered":"http:\/\/agrinichoirs.fr\/?page_id=182"},"modified":"2022-06-13T11:08:31","modified_gmt":"2022-06-13T09:08:31","slug":"nos-modeles-de-nichoirs","status":"publish","type":"page","link":"https:\/\/agrinichoirs.fr\/?page_id=182","title":{"rendered":"Nos mod\u00e8les de nichoirs"},"content":{"rendered":"<h1 style=\"text-align: center;\"><span style=\"font-size: 36pt; font-family: Impact, Chicago;\"><strong>Nichoirs \u00e0 m\u00e9sanges<\/strong><\/span><\/h1><figure class=\"wp-block-gallery has-nested-images columns-default is-cropped wp-block-gallery-1 is-layout-flex wp-block-gallery-is-layout-flex\"><figure class=\"wp-block-image size-large\"><img fetchpriority=\"high\" decoding=\"async\" width=\"2560\" height=\"1707\" data-id=\"369\" src=\"https:\/\/agrinichoirs.fr\/wp-content\/uploads\/2022\/04\/PORTRAIT1-1-of-1-15-scaled.jpg\" alt=\"\" class=\"wp-image-369\" srcset=\"https:\/\/agrinichoirs.fr\/wp-content\/uploads\/2022\/04\/PORTRAIT1-1-of-1-15-scaled.jpg 2560w, https:\/\/agrinichoirs.fr\/wp-content\/uploads\/2022\/04\/PORTRAIT1-1-of-1-15-scaled-600x400.jpg 600w, https:\/\/agrinichoirs.fr\/wp-content\/uploads\/2022\/04\/PORTRAIT1-1-of-1-15-300x200.jpg 300w, https:\/\/agrinichoirs.fr\/wp-content\/uploads\/2022\/04\/PORTRAIT1-1-of-1-15-1024x683.jpg 1024w, https:\/\/agrinichoirs.fr\/wp-content\/uploads\/2022\/04\/PORTRAIT1-1-of-1-15-768x512.jpg 768w, https:\/\/agrinichoirs.fr\/wp-content\/uploads\/2022\/04\/PORTRAIT1-1-of-1-15-1536x1024.jpg 1536w, https:\/\/agrinichoirs.fr\/wp-content\/uploads\/2022\/04\/PORTRAIT1-1-of-1-15-2048x1365.jpg 2048w\" sizes=\"(max-width: 2560px) 100vw, 2560px\" \/><\/figure>\n\n<figure class=\"wp-block-image size-large\"><img decoding=\"async\" width=\"2560\" height=\"1707\" data-id=\"375\" src=\"https:\/\/agrinichoirs.fr\/wp-content\/uploads\/2022\/04\/PORTRAIT1-1-of-1-13-scaled.jpg\" alt=\"\" class=\"wp-image-375\" srcset=\"https:\/\/agrinichoirs.fr\/wp-content\/uploads\/2022\/04\/PORTRAIT1-1-of-1-13-scaled.jpg 2560w, https:\/\/agrinichoirs.fr\/wp-content\/uploads\/2022\/04\/PORTRAIT1-1-of-1-13-scaled-600x400.jpg 600w\" sizes=\"(max-width: 2560px) 100vw, 2560px\" \/><\/figure>\n\n<figure class=\"wp-block-image size-large\"><img decoding=\"async\" width=\"2560\" height=\"1707\" data-id=\"370\" src=\"https:\/\/agrinichoirs.fr\/wp-content\/uploads\/2022\/04\/BERG3NichoirsLOGO-3-of-37-2-scaled.jpg\" alt=\"\" class=\"wp-image-370\" srcset=\"https:\/\/agrinichoirs.fr\/wp-content\/uploads\/2022\/04\/BERG3NichoirsLOGO-3-of-37-2-scaled.jpg 2560w, https:\/\/agrinichoirs.fr\/wp-content\/uploads\/2022\/04\/BERG3NichoirsLOGO-3-of-37-2-scaled-600x400.jpg 600w, https:\/\/agrinichoirs.fr\/wp-content\/uploads\/2022\/04\/BERG3NichoirsLOGO-3-of-37-2-300x200.jpg 300w, https:\/\/agrinichoirs.fr\/wp-content\/uploads\/2022\/04\/BERG3NichoirsLOGO-3-of-37-2-1024x683.jpg 1024w, https:\/\/agrinichoirs.fr\/wp-content\/uploads\/2022\/04\/BERG3NichoirsLOGO-3-of-37-2-768x512.jpg 768w, https:\/\/agrinichoirs.fr\/wp-content\/uploads\/2022\/04\/BERG3NichoirsLOGO-3-of-37-2-1536x1024.jpg 1536w, https:\/\/agrinichoirs.fr\/wp-content\/uploads\/2022\/04\/BERG3NichoirsLOGO-3-of-37-2-2048x1365.jpg 2048w\" sizes=\"(max-width: 2560px) 100vw, 2560px\" \/><\/figure><\/figure><p style=\"text-align: justify;\">C&rsquo;est le concentr\u00e9 d\u2019innovations, fini le nichoir de jardin, place au nichoir agricole ! C\u2019est le nichoir qui a fait notre renomm\u00e9e. Avec son design simple et industrieux, il est aussi ergonomique que r\u00e9sistant. Il est le pr\u00e9f\u00e9r\u00e9 des m\u00e9sanges charbonni\u00e8res et bleues.<\/p><h2 class=\"has-text-align-center wp-block-heading\">Ses points forts :<\/h2><div class=\"wp-block-columns is-layout-flex wp-container-core-columns-is-layout-9d6595d7 wp-block-columns-is-layout-flex\"><div class=\"wp-block-column is-layout-flow wp-block-column-is-layout-flow\"><ul class=\"wp-block-list\"><li>Son syst\u00e8me d\u2019accroche : mousqueton ou collier de serrage, le nichoir s&rsquo;adapte aussi bien aux branches qu&rsquo;aux piquets.<\/li><li>Son c\u00f4t\u00e9 \u00ab&nbsp;je ballotte \u00bb d\u00fb \u00e0 l\u2019accroche par une anse en corde le rend non seulement un peu plus inaccessible aux pr\u00e9dateurs mais ne pose aucun probl\u00e8mes pour la nidification<\/li><li>Pourvu d&rsquo;une surface plane a l&rsquo;arri\u00e8re avec des fentes pour passer des sangles ou des \u00ab\u00a0serreflex\u00a0\u00bb, il est aussi extraordinairement simple a fixer sur un poteau.<\/li><\/ul><\/div>\n\n<div class=\"wp-block-column is-layout-flow wp-block-column-is-layout-flow\"><ul class=\"wp-block-list\"><li>Son couvercle : emboit\u00e9 avec une unique vis, il permet si besoin de consulter l&rsquo;int\u00e9rieur du nichoir tout en restant fermement fix\u00e9.<\/li><li>Le bio composite : Fabriqu\u00e9 a partir de roseaux en provenances des roseli\u00e8res de la Brenne, il est con\u00e7u a partir de mat\u00e9riaux \u00e9cologiques, recycl\u00e9s et 100% Francais. L\u00e9ger et r\u00e9sistant, il s&rsquo;accorde parfaitement avec les valeurs que nous souhaitons v\u00e9hiculer.<\/li><\/ul><\/div><\/div><div data-wp-interactive=\"core\/file\" class=\"wp-block-file\"><object data-wp-bind--hidden=\"!state.hasPdfPreview\" hidden class=\"wp-block-file__embed\" data=\"https:\/\/agrinichoirs.fr\/wp-content\/uploads\/2022\/06\/A4-Presentation-Nichoirs-roseaux.pdf\" type=\"application\/pdf\" style=\"width:100%;height:600px\" aria-label=\"Contenu embarqu\u00e9 Contenu embarqu\u00e9 A4-Presentation-Nichoirs-roseaux..\"><\/object><a id=\"wp-block-file--media-9f0fd8dc-051f-406f-ac1d-57eb6063a667\" href=\"https:\/\/agrinichoirs.fr\/wp-content\/uploads\/2022\/06\/A4-Presentation-Nichoirs-roseaux.pdf\">A4-Presentation-Nichoirs-roseaux<\/a><a href=\"https:\/\/agrinichoirs.fr\/wp-content\/uploads\/2022\/06\/A4-Presentation-Nichoirs-roseaux.pdf\" class=\"wp-block-file__button\" download aria-describedby=\"wp-block-file--media-9f0fd8dc-051f-406f-ac1d-57eb6063a667\">T\u00e9l\u00e9charger<\/a><\/div><hr class=\"wp-block-separator aligncenter is-style-default\"\/><p style=\"text-align: center;\"><strong><span style=\"font-family: Impact, Chicago; font-size: 36pt;\">Abris \u00e0 chauve-souris<\/span><\/strong><\/p><figure class=\"wp-block-gallery has-nested-images columns-default is-cropped wp-block-gallery-2 is-layout-flex wp-block-gallery-is-layout-flex\"><figure class=\"wp-block-image size-large\"><img loading=\"lazy\" decoding=\"async\" width=\"1600\" height=\"1066\" data-id=\"457\" src=\"https:\/\/agrinichoirs.fr\/wp-content\/uploads\/2022\/04\/cropped-frost-1-of-1-26-scaled-1.jpg\" alt=\"\" class=\"wp-image-457\" srcset=\"https:\/\/agrinichoirs.fr\/wp-content\/uploads\/2022\/04\/cropped-frost-1-of-1-26-scaled-1.jpg 1600w, https:\/\/agrinichoirs.fr\/wp-content\/uploads\/2022\/04\/cropped-frost-1-of-1-26-scaled-1-600x400.jpg 600w, https:\/\/agrinichoirs.fr\/wp-content\/uploads\/2022\/04\/cropped-frost-1-of-1-26-scaled-1-300x200.jpg 300w, https:\/\/agrinichoirs.fr\/wp-content\/uploads\/2022\/04\/cropped-frost-1-of-1-26-scaled-1-1024x682.jpg 1024w, https:\/\/agrinichoirs.fr\/wp-content\/uploads\/2022\/04\/cropped-frost-1-of-1-26-scaled-1-768x512.jpg 768w, https:\/\/agrinichoirs.fr\/wp-content\/uploads\/2022\/04\/cropped-frost-1-of-1-26-scaled-1-1536x1023.jpg 1536w\" sizes=\"(max-width: 1600px) 100vw, 1600px\" \/><\/figure>\n\n<figure class=\"wp-block-image size-large\"><img loading=\"lazy\" decoding=\"async\" width=\"2560\" height=\"1707\" data-id=\"368\" src=\"https:\/\/agrinichoirs.fr\/wp-content\/uploads\/2022\/04\/frost-1-of-1-6-scaled.jpg\" alt=\"\" class=\"wp-image-368\" srcset=\"https:\/\/agrinichoirs.fr\/wp-content\/uploads\/2022\/04\/frost-1-of-1-6-scaled.jpg 2560w, https:\/\/agrinichoirs.fr\/wp-content\/uploads\/2022\/04\/frost-1-of-1-6-scaled-600x400.jpg 600w, https:\/\/agrinichoirs.fr\/wp-content\/uploads\/2022\/04\/frost-1-of-1-6-300x200.jpg 300w, https:\/\/agrinichoirs.fr\/wp-content\/uploads\/2022\/04\/frost-1-of-1-6-1024x683.jpg 1024w, https:\/\/agrinichoirs.fr\/wp-content\/uploads\/2022\/04\/frost-1-of-1-6-768x512.jpg 768w, https:\/\/agrinichoirs.fr\/wp-content\/uploads\/2022\/04\/frost-1-of-1-6-1536x1024.jpg 1536w, https:\/\/agrinichoirs.fr\/wp-content\/uploads\/2022\/04\/frost-1-of-1-6-2048x1365.jpg 2048w\" sizes=\"(max-width: 2560px) 100vw, 2560px\" \/><\/figure>\n\n<figure class=\"wp-block-image size-large\"><img loading=\"lazy\" decoding=\"async\" width=\"2560\" height=\"1707\" data-id=\"367\" src=\"https:\/\/agrinichoirs.fr\/wp-content\/uploads\/2022\/04\/frost-1-of-1-28-scaled.jpg\" alt=\"\" class=\"wp-image-367\" srcset=\"https:\/\/agrinichoirs.fr\/wp-content\/uploads\/2022\/04\/frost-1-of-1-28-scaled.jpg 2560w, https:\/\/agrinichoirs.fr\/wp-content\/uploads\/2022\/04\/frost-1-of-1-28-scaled-600x400.jpg 600w\" sizes=\"(max-width: 2560px) 100vw, 2560px\" \/><\/figure><\/figure><p>Le principe est simple comme bonsoir : proposer \u00e0 nos amies les chauves-souris un espace pour se glisser et se reposer quand les cigales chantent (le jour) et quand la bise n\u2019est pas venue (printemps \u00e9t\u00e9).<\/p><h2 class=\"has-text-align-center wp-block-heading\">Ses points forts :<\/h2><ul class=\"wp-block-list\"><li><strong>Compact&nbsp;: <\/strong>pour une meilleur durabilit\u00e9<\/li><li><strong>La rugosit\u00e9&nbsp; : <\/strong>en douglas local issu de forets g\u00e9r\u00e9es durablement, on est l\u00e0 sur du bois non rabot\u00e9 pour une accroche optimale<\/li><li><strong>Prot\u00e9g\u00e9 :<\/strong> pour plus de durabilit\u00e9, une plaque de goudron prot\u00e8ge la tranche vuln\u00e9rable aux attaque de ce sacr\u00e9 temps<\/li><\/ul><hr class=\"wp-block-separator is-style-default\"\/><p style=\"text-align: center;\"><strong><span style=\"font-family: Impact, Chicago; font-size: 36pt;\">Nichoirs \u00e0 hirondelles<\/span><\/strong><\/p><figure class=\"wp-block-gallery has-nested-images columns-default is-cropped wp-block-gallery-3 is-layout-flex wp-block-gallery-is-layout-flex\"><figure class=\"wp-block-image size-large\"><img decoding=\"async\" data-id=\"619\" src=\"https:\/\/agrinichoirs.fr\/wp-content\/uploads\/2022\/04\/BERG1Nichoirs-1-of-27-1024x683.jpg\" alt=\"\" class=\"wp-image-619\"\/><\/figure>\n\n<figure class=\"wp-block-image size-large\"><img loading=\"lazy\" decoding=\"async\" width=\"1024\" height=\"768\" data-id=\"625\" src=\"https:\/\/agrinichoirs.fr\/wp-content\/uploads\/2022\/04\/IMG_2782-1024x768.jpg\" alt=\"\" class=\"wp-image-625\" srcset=\"https:\/\/agrinichoirs.fr\/wp-content\/uploads\/2022\/04\/IMG_2782-1024x768.jpg 1024w, https:\/\/agrinichoirs.fr\/wp-content\/uploads\/2022\/04\/IMG_2782-scaled-600x450.jpg 600w, https:\/\/agrinichoirs.fr\/wp-content\/uploads\/2022\/04\/IMG_2782-300x225.jpg 300w, https:\/\/agrinichoirs.fr\/wp-content\/uploads\/2022\/04\/IMG_2782-768x576.jpg 768w, https:\/\/agrinichoirs.fr\/wp-content\/uploads\/2022\/04\/IMG_2782-1536x1152.jpg 1536w, https:\/\/agrinichoirs.fr\/wp-content\/uploads\/2022\/04\/IMG_2782-2048x1536.jpg 2048w\" sizes=\"(max-width: 1024px) 100vw, 1024px\" \/><\/figure>\n\n<figure class=\"wp-block-image size-large\"><img decoding=\"async\" data-id=\"627\" src=\"https:\/\/agrinichoirs.fr\/wp-content\/uploads\/2022\/04\/IMG_2784-1-1024x768.jpg\" alt=\"\" class=\"wp-image-627\"\/><\/figure><\/figure><p style=\"text-align: justify;\">&#8230;<\/p><hr class=\"wp-block-separator\"\/><h1 style=\"text-align: center;\"><span style=\"font-size: 36pt; font-family: Impact, Chicago;\"><strong>\u00c9volution<br><\/strong><\/span><\/h1>\n<p style=\"text-align: justify;\">Avant d&rsquo;\u00eatre en mat\u00e9riau bio composite, nos nichoirs \u00e0 m\u00e9sanges ont connu plusieurs \u00e9volutions. Le premier mod\u00e8le \u00e9tait tr\u00e8s simple avec un tube de PVC ferm\u00e9 \u00e0 ses extr\u00e9mit\u00e9s par des planches. Le second \u00e9tait d\u00e9j\u00e0 plus sophistiqu\u00e9 avec sa structure en bambou et son couvercle en li\u00e8ge. Le point commun de ces deux pr\u00e9c\u00e9dents mod\u00e8les \u00e9tait leur fabrication artisanale. Aujourd&rsquo;hui , tous nos nichoirs sont le fruit de notre innovation et de notre expertise terrain. Ils sont uniques et sont fabriqu\u00e9s en France \u00e0 partir de mat\u00e9riaux non agricoles et provenant de ressources g\u00e9r\u00e9es de mani\u00e8re durable et \u00e9cologique.<\/p><figure class=\"wp-block-gallery has-nested-images columns-4 is-cropped wp-block-gallery-4 is-layout-flex wp-block-gallery-is-layout-flex\"><figure class=\"wp-block-image size-large\"><img decoding=\"async\" data-id=\"382\" src=\"https:\/\/agrinichoirs.fr\/wp-content\/uploads\/2022\/04\/IMG_20180727_133815-768x1024.jpg\" alt=\"\" class=\"wp-image-382\"\/><\/figure>\n\n<figure class=\"wp-block-image size-large\"><img loading=\"lazy\" decoding=\"async\" width=\"1024\" height=\"683\" data-id=\"115\" src=\"https:\/\/agrinichoirs.fr\/wp-content\/uploads\/2018\/05\/20180510_OiseauxBrice_8977_DxO-1024x683.jpg\" alt=\"\" class=\"wp-image-115\" srcset=\"https:\/\/agrinichoirs.fr\/wp-content\/uploads\/2018\/05\/20180510_OiseauxBrice_8977_DxO-1024x683.jpg 1024w, https:\/\/agrinichoirs.fr\/wp-content\/uploads\/2018\/05\/20180510_OiseauxBrice_8977_DxO-600x400.jpg 600w, https:\/\/agrinichoirs.fr\/wp-content\/uploads\/2018\/05\/20180510_OiseauxBrice_8977_DxO-300x200.jpg 300w, https:\/\/agrinichoirs.fr\/wp-content\/uploads\/2018\/05\/20180510_OiseauxBrice_8977_DxO-768x512.jpg 768w\" sizes=\"(max-width: 1024px) 100vw, 1024px\" \/><\/figure>\n\n<figure class=\"wp-block-image size-large\"><img loading=\"lazy\" decoding=\"async\" width=\"1024\" height=\"683\" data-id=\"106\" src=\"https:\/\/agrinichoirs.fr\/wp-content\/uploads\/2018\/05\/20180510_OiseauxBrice_8923_DxO-1024x683.jpg\" alt=\"\" class=\"wp-image-106\" srcset=\"https:\/\/agrinichoirs.fr\/wp-content\/uploads\/2018\/05\/20180510_OiseauxBrice_8923_DxO-1024x683.jpg 1024w, https:\/\/agrinichoirs.fr\/wp-content\/uploads\/2018\/05\/20180510_OiseauxBrice_8923_DxO-600x400.jpg 600w, https:\/\/agrinichoirs.fr\/wp-content\/uploads\/2018\/05\/20180510_OiseauxBrice_8923_DxO-300x200.jpg 300w, https:\/\/agrinichoirs.fr\/wp-content\/uploads\/2018\/05\/20180510_OiseauxBrice_8923_DxO-768x512.jpg 768w\" sizes=\"(max-width: 1024px) 100vw, 1024px\" \/><\/figure>\n\n<figure class=\"wp-block-image size-large\"><img decoding=\"async\" data-id=\"278\" src=\"https:\/\/agrinichoirs.fr\/wp-content\/uploads\/2020\/05\/IMG_20200504_1513541-768x1024.jpg\" alt=\"\" class=\"wp-image-278\"\/><\/figure>\n\n<figure class=\"wp-block-image size-large\"><img decoding=\"async\" data-id=\"264\" src=\"https:\/\/agrinichoirs.fr\/wp-content\/uploads\/2020\/05\/IMG_20200504_145818-768x1024.jpg\" alt=\"\" class=\"wp-image-264\"\/><\/figure>\n\n<figure class=\"wp-block-image size-large\"><img loading=\"lazy\" decoding=\"async\" width=\"1024\" height=\"740\" data-id=\"262\" src=\"https:\/\/agrinichoirs.fr\/wp-content\/uploads\/2020\/05\/IMG_20200327_154012-scaled-e1588766716831-1024x740.jpg\" alt=\"\" class=\"wp-image-262\" srcset=\"https:\/\/agrinichoirs.fr\/wp-content\/uploads\/2020\/05\/IMG_20200327_154012-scaled-e1588766716831-1024x740.jpg 1024w, https:\/\/agrinichoirs.fr\/wp-content\/uploads\/2020\/05\/IMG_20200327_154012-scaled-e1588766716831-600x434.jpg 600w, https:\/\/agrinichoirs.fr\/wp-content\/uploads\/2020\/05\/IMG_20200327_154012-scaled-e1588766716831-300x217.jpg 300w, https:\/\/agrinichoirs.fr\/wp-content\/uploads\/2020\/05\/IMG_20200327_154012-scaled-e1588766716831-768x555.jpg 768w, https:\/\/agrinichoirs.fr\/wp-content\/uploads\/2020\/05\/IMG_20200327_154012-scaled-e1588766716831-1536x1110.jpg 1536w, https:\/\/agrinichoirs.fr\/wp-content\/uploads\/2020\/05\/IMG_20200327_154012-scaled-e1588766716831.jpg 1920w\" sizes=\"(max-width: 1024px) 100vw, 1024px\" \/><\/figure>\n\n<figure class=\"wp-block-image size-large\"><img loading=\"lazy\" decoding=\"async\" width=\"1024\" height=\"768\" data-id=\"322\" src=\"https:\/\/agrinichoirs.fr\/wp-content\/uploads\/2020\/06\/IMG_20200610_152221-1024x768.jpg\" alt=\"\" class=\"wp-image-322\" srcset=\"https:\/\/agrinichoirs.fr\/wp-content\/uploads\/2020\/06\/IMG_20200610_152221-1024x768.jpg 1024w, https:\/\/agrinichoirs.fr\/wp-content\/uploads\/2020\/06\/IMG_20200610_152221-scaled-600x450.jpg 600w, https:\/\/agrinichoirs.fr\/wp-content\/uploads\/2020\/06\/IMG_20200610_152221-300x225.jpg 300w, https:\/\/agrinichoirs.fr\/wp-content\/uploads\/2020\/06\/IMG_20200610_152221-768x576.jpg 768w, https:\/\/agrinichoirs.fr\/wp-content\/uploads\/2020\/06\/IMG_20200610_152221-1536x1152.jpg 1536w, https:\/\/agrinichoirs.fr\/wp-content\/uploads\/2020\/06\/IMG_20200610_152221-2048x1536.jpg 2048w\" sizes=\"(max-width: 1024px) 100vw, 1024px\" \/><\/figure><\/figure><hr class=\"wp-block-separator has-text-color has-background has-very-dark-gray-background-color has-very-dark-gray-color\"\/><h2 class=\"wp-block-heading\">Nous organisons aussi des chantiers participatifs selon les besoins.<\/h2><p>Quelques exemples&#8230;<\/p><figure class=\"wp-block-gallery has-nested-images columns-4 is-cropped wp-block-gallery-5 is-layout-flex wp-block-gallery-is-layout-flex\"><figure class=\"wp-block-image size-large\"><img loading=\"lazy\" decoding=\"async\" width=\"768\" height=\"1024\" data-id=\"289\" src=\"https:\/\/agrinichoirs.fr\/wp-content\/uploads\/2020\/05\/IMG_20171127_160129-768x1024.jpg\" alt=\"\" class=\"wp-image-289\" srcset=\"https:\/\/agrinichoirs.fr\/wp-content\/uploads\/2020\/05\/IMG_20171127_160129-768x1024.jpg 768w, https:\/\/agrinichoirs.fr\/wp-content\/uploads\/2020\/05\/IMG_20171127_160129-scaled-600x800.jpg 600w, https:\/\/agrinichoirs.fr\/wp-content\/uploads\/2020\/05\/IMG_20171127_160129-225x300.jpg 225w, https:\/\/agrinichoirs.fr\/wp-content\/uploads\/2020\/05\/IMG_20171127_160129-1152x1536.jpg 1152w, https:\/\/agrinichoirs.fr\/wp-content\/uploads\/2020\/05\/IMG_20171127_160129-1536x2048.jpg 1536w, https:\/\/agrinichoirs.fr\/wp-content\/uploads\/2020\/05\/IMG_20171127_160129-scaled.jpg 1920w\" sizes=\"(max-width: 768px) 100vw, 768px\" \/><\/figure>\n\n<figure class=\"wp-block-image size-large\"><img decoding=\"async\" data-id=\"290\" src=\"https:\/\/agrinichoirs.fr\/wp-content\/uploads\/2020\/05\/IMG_20171127_160905-768x1024.jpg\" alt=\"\" class=\"wp-image-290\"\/><\/figure>\n\n<figure class=\"wp-block-image size-large\"><img loading=\"lazy\" decoding=\"async\" width=\"1024\" height=\"768\" data-id=\"291\" src=\"https:\/\/agrinichoirs.fr\/wp-content\/uploads\/2020\/05\/IMG_20171128_111849-1024x768.jpg\" alt=\"\" class=\"wp-image-291\" srcset=\"https:\/\/agrinichoirs.fr\/wp-content\/uploads\/2020\/05\/IMG_20171128_111849-1024x768.jpg 1024w, https:\/\/agrinichoirs.fr\/wp-content\/uploads\/2020\/05\/IMG_20171128_111849-scaled-600x450.jpg 600w, https:\/\/agrinichoirs.fr\/wp-content\/uploads\/2020\/05\/IMG_20171128_111849-300x225.jpg 300w, https:\/\/agrinichoirs.fr\/wp-content\/uploads\/2020\/05\/IMG_20171128_111849-768x576.jpg 768w, https:\/\/agrinichoirs.fr\/wp-content\/uploads\/2020\/05\/IMG_20171128_111849-1536x1152.jpg 1536w, https:\/\/agrinichoirs.fr\/wp-content\/uploads\/2020\/05\/IMG_20171128_111849-2048x1536.jpg 2048w\" sizes=\"(max-width: 1024px) 100vw, 1024px\" \/><\/figure>\n\n<figure class=\"wp-block-image size-large\"><img loading=\"lazy\" decoding=\"async\" width=\"768\" height=\"1024\" data-id=\"292\" src=\"https:\/\/agrinichoirs.fr\/wp-content\/uploads\/2020\/05\/IMG_20171128_141318-768x1024.jpg\" alt=\"\" class=\"wp-image-292\" srcset=\"https:\/\/agrinichoirs.fr\/wp-content\/uploads\/2020\/05\/IMG_20171128_141318-768x1024.jpg 768w, https:\/\/agrinichoirs.fr\/wp-content\/uploads\/2020\/05\/IMG_20171128_141318-scaled-600x800.jpg 600w, https:\/\/agrinichoirs.fr\/wp-content\/uploads\/2020\/05\/IMG_20171128_141318-225x300.jpg 225w, https:\/\/agrinichoirs.fr\/wp-content\/uploads\/2020\/05\/IMG_20171128_141318-1152x1536.jpg 1152w, https:\/\/agrinichoirs.fr\/wp-content\/uploads\/2020\/05\/IMG_20171128_141318-1536x2048.jpg 1536w, https:\/\/agrinichoirs.fr\/wp-content\/uploads\/2020\/05\/IMG_20171128_141318-scaled.jpg 1920w\" sizes=\"(max-width: 768px) 100vw, 768px\" \/><\/figure>\n\n<figure class=\"wp-block-image size-large\"><img loading=\"lazy\" decoding=\"async\" width=\"1024\" height=\"768\" data-id=\"293\" src=\"https:\/\/agrinichoirs.fr\/wp-content\/uploads\/2020\/05\/IMG_20171128_143202-1024x768.jpg\" alt=\"\" class=\"wp-image-293\" srcset=\"https:\/\/agrinichoirs.fr\/wp-content\/uploads\/2020\/05\/IMG_20171128_143202-1024x768.jpg 1024w, https:\/\/agrinichoirs.fr\/wp-content\/uploads\/2020\/05\/IMG_20171128_143202-scaled-600x450.jpg 600w, https:\/\/agrinichoirs.fr\/wp-content\/uploads\/2020\/05\/IMG_20171128_143202-300x225.jpg 300w, https:\/\/agrinichoirs.fr\/wp-content\/uploads\/2020\/05\/IMG_20171128_143202-768x576.jpg 768w, https:\/\/agrinichoirs.fr\/wp-content\/uploads\/2020\/05\/IMG_20171128_143202-1536x1152.jpg 1536w, https:\/\/agrinichoirs.fr\/wp-content\/uploads\/2020\/05\/IMG_20171128_143202-2048x1536.jpg 2048w\" sizes=\"(max-width: 1024px) 100vw, 1024px\" \/><\/figure>\n\n<figure class=\"wp-block-image size-large\"><img loading=\"lazy\" decoding=\"async\" width=\"768\" height=\"1024\" data-id=\"295\" src=\"https:\/\/agrinichoirs.fr\/wp-content\/uploads\/2020\/05\/IMG_20171214_114126-768x1024.jpg\" alt=\"\" class=\"wp-image-295\" srcset=\"https:\/\/agrinichoirs.fr\/wp-content\/uploads\/2020\/05\/IMG_20171214_114126-768x1024.jpg 768w, https:\/\/agrinichoirs.fr\/wp-content\/uploads\/2020\/05\/IMG_20171214_114126-scaled-600x800.jpg 600w, https:\/\/agrinichoirs.fr\/wp-content\/uploads\/2020\/05\/IMG_20171214_114126-225x300.jpg 225w, https:\/\/agrinichoirs.fr\/wp-content\/uploads\/2020\/05\/IMG_20171214_114126-1152x1536.jpg 1152w, https:\/\/agrinichoirs.fr\/wp-content\/uploads\/2020\/05\/IMG_20171214_114126-1536x2048.jpg 1536w, https:\/\/agrinichoirs.fr\/wp-content\/uploads\/2020\/05\/IMG_20171214_114126-scaled.jpg 1920w\" sizes=\"(max-width: 768px) 100vw, 768px\" \/><\/figure>\n\n<figure class=\"wp-block-image size-large\"><img loading=\"lazy\" decoding=\"async\" width=\"1024\" height=\"768\" data-id=\"296\" src=\"https:\/\/agrinichoirs.fr\/wp-content\/uploads\/2020\/05\/IMG_20180212_180255-1024x768.jpg\" alt=\"\" class=\"wp-image-296\" srcset=\"https:\/\/agrinichoirs.fr\/wp-content\/uploads\/2020\/05\/IMG_20180212_180255-1024x768.jpg 1024w, https:\/\/agrinichoirs.fr\/wp-content\/uploads\/2020\/05\/IMG_20180212_180255-scaled-600x450.jpg 600w, https:\/\/agrinichoirs.fr\/wp-content\/uploads\/2020\/05\/IMG_20180212_180255-300x225.jpg 300w, https:\/\/agrinichoirs.fr\/wp-content\/uploads\/2020\/05\/IMG_20180212_180255-768x576.jpg 768w, https:\/\/agrinichoirs.fr\/wp-content\/uploads\/2020\/05\/IMG_20180212_180255-1536x1152.jpg 1536w, https:\/\/agrinichoirs.fr\/wp-content\/uploads\/2020\/05\/IMG_20180212_180255-2048x1536.jpg 2048w\" sizes=\"(max-width: 1024px) 100vw, 1024px\" \/><\/figure><\/figure><p><\/p>","protected":false},"excerpt":{"rendered":"<p>Nichoirs \u00e0 m\u00e9sanges C&rsquo;est le concentr\u00e9 d\u2019innovations, fini le nichoir de jardin, place au nichoir agricole ! C\u2019est le nichoir qui a fait notre renomm\u00e9e. Avec son design simple et industrieux, il est aussi ergonomique que r\u00e9sistant. Il est le pr\u00e9f\u00e9r\u00e9 des m\u00e9sanges charbonni\u00e8res et bleues. Ses points forts : Son syst\u00e8me d\u2019accroche : mousqueton [&hellip;]<\/p>\n","protected":false},"author":1,"featured_media":373,"parent":0,"menu_order":0,"comment_status":"closed","ping_status":"closed","template":"","meta":{"ub_ctt_via":"","_monsterinsights_skip_tracking":false,"_monsterinsights_sitenote_active":false,"_monsterinsights_sitenote_note":"","_monsterinsights_sitenote_category":0,"footnotes":""},"class_list":["post-182","page","type-page","status-publish","has-post-thumbnail","hentry"],"featured_image_src":"https:\/\/agrinichoirs.fr\/wp-content\/uploads\/2022\/04\/BERG1Nichoirs-24-of-27-scaled.jpg","jetpack_sharing_enabled":true,"_links":{"self":[{"href":"https:\/\/agrinichoirs.fr\/index.php?rest_route=\/wp\/v2\/pages\/182","targetHints":{"allow":["GET"]}}],"collection":[{"href":"https:\/\/agrinichoirs.fr\/index.php?rest_route=\/wp\/v2\/pages"}],"about":[{"href":"https:\/\/agrinichoirs.fr\/index.php?rest_route=\/wp\/v2\/types\/page"}],"author":[{"embeddable":true,"href":"https:\/\/agrinichoirs.fr\/index.php?rest_route=\/wp\/v2\/users\/1"}],"replies":[{"embeddable":true,"href":"https:\/\/agrinichoirs.fr\/index.php?rest_route=%2Fwp%2Fv2%2Fcomments&post=182"}],"version-history":[{"count":56,"href":"https:\/\/agrinichoirs.fr\/index.php?rest_route=\/wp\/v2\/pages\/182\/revisions"}],"predecessor-version":[{"id":642,"href":"https:\/\/agrinichoirs.fr\/index.php?rest_route=\/wp\/v2\/pages\/182\/revisions\/642"}],"wp:featuredmedia":[{"embeddable":true,"href":"https:\/\/agrinichoirs.fr\/index.php?rest_route=\/wp\/v2\/media\/373"}],"wp:attachment":[{"href":"https:\/\/agrinichoirs.fr\/index.php?rest_route=%2Fwp%2Fv2%2Fmedia&parent=182"}],"curies":[{"name":"wp","href":"https:\/\/api.w.org\/{rel}","templated":true}]}}