{"id":1290,"date":"2025-09-30T14:05:31","date_gmt":"2025-09-30T12:05:31","guid":{"rendered":"https:\/\/agrinichoirs.fr\/?page_id=1290"},"modified":"2025-09-30T14:18:56","modified_gmt":"2025-09-30T12:18:56","slug":"application-nestify","status":"publish","type":"page","link":"https:\/\/agrinichoirs.fr\/?page_id=1290","title":{"rendered":"Application Nestify"},"content":{"rendered":"<div class=\"wp-block-columns is-layout-flex wp-container-core-columns-is-layout-9d6595d7 wp-block-columns-is-layout-flex\"><div class=\"wp-block-column is-layout-flow wp-block-column-is-layout-flow\" style=\"flex-basis:33.33%\"><figure class=\"wp-block-image size-full is-resized\"><a href=\"https:\/\/nestify.agrinichoirs.fr\"><img fetchpriority=\"high\" decoding=\"async\" width=\"244\" height=\"420\" src=\"https:\/\/agrinichoirs.fr\/wp-content\/uploads\/2025\/09\/appli-nestify.jpg\" alt=\"application Nestify\" class=\"wp-image-1284\" style=\"width:263px;height:auto\" srcset=\"https:\/\/agrinichoirs.fr\/wp-content\/uploads\/2025\/09\/appli-nestify.jpg 244w, https:\/\/agrinichoirs.fr\/wp-content\/uploads\/2025\/09\/appli-nestify-174x300.jpg 174w, https:\/\/agrinichoirs.fr\/wp-content\/uploads\/2025\/09\/appli-nestify-87x150.jpg 87w\" sizes=\"(max-width: 244px) 100vw, 244px\" \/><\/a><\/figure><\/div>\n\n<div class=\"wp-block-column is-layout-flow wp-block-column-is-layout-flow\" style=\"flex-basis:66.66%\"><h2 class=\"wp-block-heading\" id=\"0-nestify-cest-quoi-et-pour-qui-\">Nestify : faire soi-m\u00eame ses suivis de nichoirs<\/h2>\n\n<p>Fini les suivis papier et les oublis ! <strong><a href=\"https:\/\/nestify.agrinichoirs.fr\/\" data-type=\"link\" data-id=\"https:\/\/nestify.agrinichoirs.fr\/\">Nestify<\/a><\/strong> est une application d\u00e9velopp\u00e9e par Agrinichoirs pour vous accompagner facilement dans la <strong>gestion de votre parc de nichoirs et le suivi de leurs occupations<\/strong>.<\/p>\n\n<p>Tr\u00e8s pratique et <strong>g\u00e9olocalis\u00e9<\/strong>, vous pouvez r\u00e9f\u00e9rencer vos nichoirs et proc\u00e9der \u00e0 <strong>vos relev\u00e9s directement sur votre t\u00e9l\u00e9phone<\/strong> ou votre ordinateur. Vous aurez acc\u00e8s \u00e9galement \u00e0 un <strong>historique d&rsquo;occupation<\/strong> par nichoir. G\u00eetes \u00e0 chauves-souris, nichoirs \u00e0 m\u00e9sange ou \u00e0 rapaces, tout est disponible directement dans l\u2019application.<\/p>\n\n<div class=\"wp-block-buttons is-layout-flex wp-block-buttons-is-layout-flex\"><div class=\"wp-block-button\"><a class=\"wp-block-button__link wp-element-button\" href=\"https:\/\/order.agrinichoirs.fr\/nestify_subscribe.html\">Cr\u00e9er votre compte Nestify<\/a><\/div><\/div><\/div><\/div><div class=\"wp-block-columns is-layout-flex wp-container-core-columns-is-layout-9d6595d7 wp-block-columns-is-layout-flex\"><div class=\"wp-block-column is-layout-flow wp-block-column-is-layout-flow\" style=\"flex-basis:66.66%\"><h3 class=\"wp-block-heading\">Concr\u00e8tement, l&rsquo;application Nestify \u00e7a change quoi ?<\/h3>\n\n<p>Vous \u00eates sur le terrain, vous ouvrez l&rsquo;application, elle vous montre o\u00f9 sont vos nichoirs. Vous notez ce que vous observez, et c&rsquo;est enregistr\u00e9. Simple comme bonjour. Et \u00e7a marche m\u00eame <strong>sans r\u00e9seau<\/strong> &#8211; parfait pour les <strong>parcelles isol\u00e9es<\/strong> !<\/p>\n\n<p>Plus de risque de perdre vos observations. Plus de temps perdu \u00e0 retranscrire des notes. Juste vous, vos nichoirs, et un outil cr\u00e9\u00e9 pour<strong> faciliter la vie des gestionnaires de nichoirs<\/strong>.<\/p><\/div>\n\n<div class=\"wp-block-column is-layout-flow wp-block-column-is-layout-flow\" style=\"flex-basis:33.33%\"><div class=\"wp-block-image\"><figure class=\"alignright size-full\"><a href=\"https:\/\/order.agrinichoirs.fr\/nestify_subscribe.html\"><img decoding=\"async\" width=\"446\" height=\"714\" src=\"https:\/\/agrinichoirs.fr\/wp-content\/uploads\/2025\/09\/nestify.gif\" alt=\"\" class=\"wp-image-1315\"\/><\/a><\/figure><\/div><\/div><\/div><p>Nestify est disponible d\u00e8s maintenant. Que vous ayez 5 ou 500 nichoirs, l&rsquo;application s&rsquo;adapte \u00e0 vos besoins.<\/p><div class=\"wp-block-buttons is-content-justification-center is-layout-flex wp-container-core-buttons-is-layout-16018d1d wp-block-buttons-is-layout-flex\"><div class=\"wp-block-button\"><a class=\"wp-block-button__link wp-element-button\" href=\"https:\/\/order.agrinichoirs.fr\/nestify_subscribe.html\">Inscrivez-vous \u00e0 Nestify <\/a><\/div><\/div><hr class=\"wp-block-separator has-alpha-channel-opacity\"\/><h2 class=\"wp-block-heading\" id=\"1-faire-ses-relev%C3%A9s-en-5-clics\">Faire ses relev\u00e9s en 2 clics<\/h2><p>Plus besoin de carnets, de fiches papier ou de tableurs compliqu\u00e9s. Avec <strong>Nestify<\/strong>, vous g\u00e9rez tous vos nichoirs directement depuis votre t\u00e9l\u00e9phone :<\/p><ul class=\"wp-block-list\"><li><strong>Localisez chaque nichoir<\/strong> sur une carte de vos parcelles<\/li>\n\n<li><strong>Notez qui l&rsquo;occupe<\/strong> en deux clics sur le terrain<\/li>\n\n<li><strong>D\u00e9placez ou ajoutez des nichoirs<\/strong> quand vous le souhaitez<\/li>\n\n<li><strong>Retrouvez tout l&rsquo;historique <\/strong>de chaque installation<\/li><\/ul><div class=\"wp-block-columns is-layout-flex wp-container-core-columns-is-layout-9d6595d7 wp-block-columns-is-layout-flex\"><div class=\"wp-block-column is-layout-flow wp-block-column-is-layout-flow\"><figure class=\"wp-block-image size-large\"><img decoding=\"async\" width=\"548\" height=\"1024\" src=\"https:\/\/agrinichoirs.fr\/wp-content\/uploads\/2025\/09\/nestify-parcelles-548x1024.jpg\" alt=\"\" class=\"wp-image-1298\" srcset=\"https:\/\/agrinichoirs.fr\/wp-content\/uploads\/2025\/09\/nestify-parcelles-548x1024.jpg 548w, https:\/\/agrinichoirs.fr\/wp-content\/uploads\/2025\/09\/nestify-parcelles-161x300.jpg 161w, https:\/\/agrinichoirs.fr\/wp-content\/uploads\/2025\/09\/nestify-parcelles-80x150.jpg 80w, https:\/\/agrinichoirs.fr\/wp-content\/uploads\/2025\/09\/nestify-parcelles-768x1435.jpg 768w, https:\/\/agrinichoirs.fr\/wp-content\/uploads\/2025\/09\/nestify-parcelles-822x1536.jpg 822w, https:\/\/agrinichoirs.fr\/wp-content\/uploads\/2025\/09\/nestify-parcelles-600x1121.jpg 600w, https:\/\/agrinichoirs.fr\/wp-content\/uploads\/2025\/09\/nestify-parcelles.jpg 1080w\" sizes=\"(max-width: 548px) 100vw, 548px\" \/><\/figure><\/div>\n\n<div class=\"wp-block-column is-layout-flow wp-block-column-is-layout-flow\"><figure class=\"wp-block-image size-large\"><img loading=\"lazy\" decoding=\"async\" width=\"548\" height=\"1024\" src=\"https:\/\/agrinichoirs.fr\/wp-content\/uploads\/2025\/09\/nestify-localisation-nichoir-1-548x1024.jpg\" alt=\"\" class=\"wp-image-1300\" srcset=\"https:\/\/agrinichoirs.fr\/wp-content\/uploads\/2025\/09\/nestify-localisation-nichoir-1-548x1024.jpg 548w, https:\/\/agrinichoirs.fr\/wp-content\/uploads\/2025\/09\/nestify-localisation-nichoir-1-160x300.jpg 160w, https:\/\/agrinichoirs.fr\/wp-content\/uploads\/2025\/09\/nestify-localisation-nichoir-1-80x150.jpg 80w, https:\/\/agrinichoirs.fr\/wp-content\/uploads\/2025\/09\/nestify-localisation-nichoir-1-768x1436.jpg 768w, https:\/\/agrinichoirs.fr\/wp-content\/uploads\/2025\/09\/nestify-localisation-nichoir-1-822x1536.jpg 822w, https:\/\/agrinichoirs.fr\/wp-content\/uploads\/2025\/09\/nestify-localisation-nichoir-1-600x1122.jpg 600w, https:\/\/agrinichoirs.fr\/wp-content\/uploads\/2025\/09\/nestify-localisation-nichoir-1.jpg 1080w\" sizes=\"(max-width: 548px) 100vw, 548px\" \/><\/figure><\/div>\n\n<div class=\"wp-block-column is-layout-flow wp-block-column-is-layout-flow\"><figure class=\"wp-block-image size-large\"><img loading=\"lazy\" decoding=\"async\" width=\"548\" height=\"1024\" src=\"https:\/\/agrinichoirs.fr\/wp-content\/uploads\/2025\/09\/nestify-occupation-548x1024.jpg\" alt=\"\" class=\"wp-image-1301\" srcset=\"https:\/\/agrinichoirs.fr\/wp-content\/uploads\/2025\/09\/nestify-occupation-548x1024.jpg 548w, https:\/\/agrinichoirs.fr\/wp-content\/uploads\/2025\/09\/nestify-occupation-160x300.jpg 160w, https:\/\/agrinichoirs.fr\/wp-content\/uploads\/2025\/09\/nestify-occupation-80x150.jpg 80w, https:\/\/agrinichoirs.fr\/wp-content\/uploads\/2025\/09\/nestify-occupation-768x1436.jpg 768w, https:\/\/agrinichoirs.fr\/wp-content\/uploads\/2025\/09\/nestify-occupation-822x1536.jpg 822w, https:\/\/agrinichoirs.fr\/wp-content\/uploads\/2025\/09\/nestify-occupation-600x1122.jpg 600w, https:\/\/agrinichoirs.fr\/wp-content\/uploads\/2025\/09\/nestify-occupation.jpg 1080w\" sizes=\"(max-width: 548px) 100vw, 548px\" \/><\/figure><\/div><\/div><hr class=\"wp-block-separator has-alpha-channel-opacity\"\/><h2 class=\"wp-block-heading\" id=\"2-guides-et-documents-de-prise-en-main\">Guides et documents de prise en main<\/h2><p>Nous avons cr\u00e9\u00e9 ces documents pour vous aider \u00e0 la prise en main de l&rsquo;application Nestify et pour vous donner quelques cl\u00e9s terrain pour r\u00e9aliser vos suivis.<\/p><div class=\"wp-block-columns is-layout-flex wp-container-core-columns-is-layout-9d6595d7 wp-block-columns-is-layout-flex\"><div class=\"wp-block-column is-layout-flow wp-block-column-is-layout-flow\"><div data-wp-interactive=\"core\/file\" class=\"wp-block-file\"><object data-wp-bind--hidden=\"!state.hasPdfPreview\" hidden class=\"wp-block-file__embed\" data=\"https:\/\/agrinichoirs.fr\/wp-content\/uploads\/2025\/09\/Notice-dutilisation-rapide-de-Nestify.pdf\" type=\"application\/pdf\" style=\"width:100%;height:600px\" aria-label=\"Contenu embarqu\u00e9 Notice d&apos;utilisation rapide de Nestify.\"><\/object><a id=\"wp-block-file--media-e188ea37-b0d4-42f4-a1b6-88b4f2f349d7\" href=\"https:\/\/agrinichoirs.fr\/wp-content\/uploads\/2025\/09\/Notice-dutilisation-rapide-de-Nestify.pdf\">Notice d&rsquo;utilisation rapide de Nestify<\/a><a href=\"https:\/\/agrinichoirs.fr\/wp-content\/uploads\/2025\/09\/Notice-dutilisation-rapide-de-Nestify.pdf\" class=\"wp-block-file__button wp-element-button\" download aria-describedby=\"wp-block-file--media-e188ea37-b0d4-42f4-a1b6-88b4f2f349d7\">T\u00e9l\u00e9charger<\/a><\/div><\/div>\n\n<div class=\"wp-block-column is-layout-flow wp-block-column-is-layout-flow\"><div data-wp-interactive=\"core\/file\" class=\"wp-block-file\"><object data-wp-bind--hidden=\"!state.hasPdfPreview\" hidden class=\"wp-block-file__embed\" data=\"https:\/\/agrinichoirs.fr\/wp-content\/uploads\/2025\/09\/Comment-realiser-ses-suivis-de-nichoirs.pdf\" type=\"application\/pdf\" style=\"width:100%;height:600px\" aria-label=\"Contenu embarqu\u00e9 Comment r\u00e9aliser ses suivis de nichoirs.\"><\/object><a id=\"wp-block-file--media-f3476ecd-2a90-40dc-b5a3-804721c1e6b3\" href=\"https:\/\/agrinichoirs.fr\/wp-content\/uploads\/2025\/09\/Comment-realiser-ses-suivis-de-nichoirs.pdf\">Comment r\u00e9aliser ses suivis de nichoirs<\/a><a href=\"https:\/\/agrinichoirs.fr\/wp-content\/uploads\/2025\/09\/Comment-realiser-ses-suivis-de-nichoirs.pdf\" class=\"wp-block-file__button wp-element-button\" download aria-describedby=\"wp-block-file--media-f3476ecd-2a90-40dc-b5a3-804721c1e6b3\">T\u00e9l\u00e9charger<\/a><\/div><\/div><\/div><p><em>Photo de couverture de <a href=\"https:\/\/unsplash.com\/fr\/@ragnar69?utm_content=creditCopyText&amp;utm_medium=referral&amp;utm_source=unsplash\">Gelu Iancu<\/a> sur <a href=\"https:\/\/unsplash.com\/fr\/photos\/un-petit-oiseau-assis-au-dessus-dun-telephone-portable-GTY3yuG0zxE?utm_content=creditCopyText&amp;utm_medium=referral&amp;utm_source=unsplash\">Unsplash<\/a><\/em><\/p>","protected":false},"excerpt":{"rendered":"<p>Nestify : faire soi-m\u00eame ses suivis de nichoirs Fini les suivis papier et les oublis ! Nestify est une application d\u00e9velopp\u00e9e par Agrinichoirs pour vous accompagner facilement dans la gestion de votre parc de nichoirs et le suivi de leurs occupations. Tr\u00e8s pratique et g\u00e9olocalis\u00e9, vous pouvez r\u00e9f\u00e9rencer vos nichoirs et proc\u00e9der \u00e0 vos relev\u00e9s [&hellip;]<\/p>\n","protected":false},"author":4,"featured_media":1312,"parent":8,"menu_order":0,"comment_status":"closed","ping_status":"closed","template":"","meta":{"ub_ctt_via":"","_monsterinsights_skip_tracking":false,"_monsterinsights_sitenote_active":false,"_monsterinsights_sitenote_note":"","_monsterinsights_sitenote_category":0,"footnotes":""},"class_list":["post-1290","page","type-page","status-publish","has-post-thumbnail","hentry"],"featured_image_src":"https:\/\/agrinichoirs.fr\/wp-content\/uploads\/2025\/09\/nestify-mesange-application-1.jpg","jetpack_sharing_enabled":true,"_links":{"self":[{"href":"https:\/\/agrinichoirs.fr\/index.php?rest_route=\/wp\/v2\/pages\/1290","targetHints":{"allow":["GET"]}}],"collection":[{"href":"https:\/\/agrinichoirs.fr\/index.php?rest_route=\/wp\/v2\/pages"}],"about":[{"href":"https:\/\/agrinichoirs.fr\/index.php?rest_route=\/wp\/v2\/types\/page"}],"author":[{"embeddable":true,"href":"https:\/\/agrinichoirs.fr\/index.php?rest_route=\/wp\/v2\/users\/4"}],"replies":[{"embeddable":true,"href":"https:\/\/agrinichoirs.fr\/index.php?rest_route=%2Fwp%2Fv2%2Fcomments&post=1290"}],"version-history":[{"count":12,"href":"https:\/\/agrinichoirs.fr\/index.php?rest_route=\/wp\/v2\/pages\/1290\/revisions"}],"predecessor-version":[{"id":1349,"href":"https:\/\/agrinichoirs.fr\/index.php?rest_route=\/wp\/v2\/pages\/1290\/revisions\/1349"}],"up":[{"embeddable":true,"href":"https:\/\/agrinichoirs.fr\/index.php?rest_route=\/wp\/v2\/pages\/8"}],"wp:featuredmedia":[{"embeddable":true,"href":"https:\/\/agrinichoirs.fr\/index.php?rest_route=\/wp\/v2\/media\/1312"}],"wp:attachment":[{"href":"https:\/\/agrinichoirs.fr\/index.php?rest_route=%2Fwp%2Fv2%2Fmedia&parent=1290"}],"curies":[{"name":"wp","href":"https:\/\/api.w.org\/{rel}","templated":true}]}}