{"id":11,"date":"2018-01-21T14:44:03","date_gmt":"2018-01-21T13:44:03","guid":{"rendered":"http:\/\/agrinichoirs.fr\/?page_id=11"},"modified":"2020-05-06T14:26:21","modified_gmt":"2020-05-06T12:26:21","slug":"une-section-de-page-daccueil","status":"publish","type":"page","link":"https:\/\/agrinichoirs.fr\/?page_id=11","title":{"rendered":"Partenaires"},"content":{"rendered":"<p><img decoding=\"async\" class=\"aligncenter\" src=\"http:\/\/www.auvergnerhonealpes.bio\/images\/Images\/agribiodrome.png\" alt=\"agribiodrome\" width=\"146\" height=\"145\" border=\"0\" \/><\/p>\n<p>Vous vous posez des questions sur l&rsquo;agriculture bio, vous avez un projet agricole, vous souhaitez \u00eatre accompagn\u00e9? contactez Agribiodr\u00f4me ou votre groupement de producteurs bio local, plus d&rsquo;infos ici!!<\/p>\n<p><a href=\"http:\/\/www.auvergnerhonealpes.bio\/qui-sommes-nous\/agribiodrome\/\">http:\/\/www.auvergnerhonealpes.bio\/qui-sommes-nous\/agribiodrome\/<\/a><\/p>\n<p><img decoding=\"async\" class=\"aligncenter\" src=\"https:\/\/tse3.mm.bing.net\/th?id=OIP.8PXwUXY4MYAriuBLEKJkwQHaDR&amp;pid=Api\" alt=\"Afficher l\u2019image source\" width=\"474\" data-reactid=\"29\" data-bm=\"9\" \/><\/p>\n<p>Si vous souhaitez organiser un chantier ou une activit\u00e9 grand public, contactez la LPO Dr\u00f4me<\/p>\n<p><a href=\"http:\/\/www.lpo-drome.fr\/\">http:\/\/www.lpo-drome.fr\/<\/a><\/p>\n","protected":false},"excerpt":{"rendered":"<p>Vous vous posez des questions sur l&rsquo;agriculture bio, vous avez un projet agricole, vous souhaitez \u00eatre accompagn\u00e9? contactez Agribiodr\u00f4me ou votre groupement de producteurs bio local, plus d&rsquo;infos ici!! http:\/\/www.auvergnerhonealpes.bio\/qui-sommes-nous\/agribiodrome\/ Si vous souhaitez organiser un chantier ou une activit\u00e9 grand public, contactez la LPO Dr\u00f4me http:\/\/www.lpo-drome.fr\/<\/p>\n","protected":false},"author":1,"featured_media":285,"parent":8,"menu_order":0,"comment_status":"closed","ping_status":"closed","template":"","meta":{"ub_ctt_via":"","_monsterinsights_skip_tracking":false,"_monsterinsights_sitenote_active":false,"_monsterinsights_sitenote_note":"","_monsterinsights_sitenote_category":0,"footnotes":""},"class_list":["post-11","page","type-page","status-publish","has-post-thumbnail","hentry"],"featured_image_src":"https:\/\/agrinichoirs.fr\/wp-content\/uploads\/2020\/05\/pipistrelle-wikipedia.jpg","jetpack_sharing_enabled":true,"_links":{"self":[{"href":"https:\/\/agrinichoirs.fr\/index.php?rest_route=\/wp\/v2\/pages\/11","targetHints":{"allow":["GET"]}}],"collection":[{"href":"https:\/\/agrinichoirs.fr\/index.php?rest_route=\/wp\/v2\/pages"}],"about":[{"href":"https:\/\/agrinichoirs.fr\/index.php?rest_route=\/wp\/v2\/types\/page"}],"author":[{"embeddable":true,"href":"https:\/\/agrinichoirs.fr\/index.php?rest_route=\/wp\/v2\/users\/1"}],"replies":[{"embeddable":true,"href":"https:\/\/agrinichoirs.fr\/index.php?rest_route=%2Fwp%2Fv2%2Fcomments&post=11"}],"version-history":[{"count":8,"href":"https:\/\/agrinichoirs.fr\/index.php?rest_route=\/wp\/v2\/pages\/11\/revisions"}],"predecessor-version":[{"id":871,"href":"https:\/\/agrinichoirs.fr\/index.php?rest_route=\/wp\/v2\/pages\/11\/revisions\/871"}],"up":[{"embeddable":true,"href":"https:\/\/agrinichoirs.fr\/index.php?rest_route=\/wp\/v2\/pages\/8"}],"wp:featuredmedia":[{"embeddable":true,"href":"https:\/\/agrinichoirs.fr\/index.php?rest_route=\/wp\/v2\/media\/285"}],"wp:attachment":[{"href":"https:\/\/agrinichoirs.fr\/index.php?rest_route=%2Fwp%2Fv2%2Fmedia&parent=11"}],"curies":[{"name":"wp","href":"https:\/\/api.w.org\/{rel}","templated":true}]}}