{"id":1017,"date":"2025-05-22T11:09:41","date_gmt":"2025-05-22T09:09:41","guid":{"rendered":"https:\/\/agrinichoirs.fr\/?page_id=1017"},"modified":"2025-05-26T17:04:33","modified_gmt":"2025-05-26T15:04:33","slug":"newletters","status":"publish","type":"page","link":"https:\/\/agrinichoirs.fr\/?page_id=1017","title":{"rendered":"L&rsquo;actu des nichoiristes"},"content":{"rendered":"<div style=\"height:24px\" aria-hidden=\"true\" class=\"wp-block-spacer\"><\/div><p class=\"has-medium-font-size\"><strong><em>Ici, vous trouverez un savoureux m\u00e9lange de publications scientifiques, d&rsquo;analyses de nos donn\u00e9es, d&rsquo;exemples d&rsquo;installations et de petites annonces&#8230;<\/em><\/strong><\/p><hr class=\"wp-block-separator has-alpha-channel-opacity\"\/><div class=\"wp-block-group\" style=\"padding-top:30px;padding-right:30px;padding-bottom:30px;padding-left:30px\"><div class=\"wp-block-group__inner-container is-layout-flow wp-block-group-is-layout-flow\"><div class=\"wp-block-columns is-layout-flex wp-container-core-columns-is-layout-9d6595d7 wp-block-columns-is-layout-flex\"><div class=\"wp-block-column is-layout-flow wp-block-column-is-layout-flow\" style=\"flex-basis:50%\"><div class=\"wp-block-query is-layout-flow wp-block-query-is-layout-flow\"><ul class=\"wp-block-post-template is-layout-flow wp-block-post-template-is-layout-flow\"><li class=\"wp-block-post post-1282 post type-post status-publish format-standard has-post-thumbnail hentry category-newsletters\"><figure style=\"aspect-ratio:4\/3;\" class=\"wp-block-post-featured-image\"><img fetchpriority=\"high\" decoding=\"async\" width=\"1449\" height=\"839\" src=\"https:\/\/agrinichoirs.fr\/wp-content\/uploads\/2025\/09\/appli-nestify-suivi-nichoir.jpg\" class=\"attachment-full size-full wp-post-image\" alt=\"\" style=\"width:100%;height:100%;object-fit:cover;\" srcset=\"https:\/\/agrinichoirs.fr\/wp-content\/uploads\/2025\/09\/appli-nestify-suivi-nichoir.jpg 1449w, https:\/\/agrinichoirs.fr\/wp-content\/uploads\/2025\/09\/appli-nestify-suivi-nichoir-300x174.jpg 300w, https:\/\/agrinichoirs.fr\/wp-content\/uploads\/2025\/09\/appli-nestify-suivi-nichoir-1024x593.jpg 1024w, https:\/\/agrinichoirs.fr\/wp-content\/uploads\/2025\/09\/appli-nestify-suivi-nichoir-150x87.jpg 150w, https:\/\/agrinichoirs.fr\/wp-content\/uploads\/2025\/09\/appli-nestify-suivi-nichoir-768x445.jpg 768w, https:\/\/agrinichoirs.fr\/wp-content\/uploads\/2025\/09\/appli-nestify-suivi-nichoir-1320x764.jpg 1320w, https:\/\/agrinichoirs.fr\/wp-content\/uploads\/2025\/09\/appli-nestify-suivi-nichoir-600x347.jpg 600w\" sizes=\"(max-width: 1449px) 100vw, 1449px\" \/><\/figure>\n\n<h2 class=\"wp-block-post-title\">Lancement de l&rsquo;application Nestify<\/h2>\n\n<div class=\"wp-block-post-date\"><time datetime=\"2025-09-30T14:12:51+02:00\">30 septembre 2025<\/time><\/div>\n\n<div style=\"height:16px\" aria-hidden=\"true\" class=\"wp-block-spacer\"><\/div>\n\n<div class=\"wp-block-post-excerpt\"><p class=\"wp-block-post-excerpt__excerpt\">L&rsquo;application pour faire soi-m\u00eame ses suivis de nichoirs Nous avons le plaisir de vous annoncer le lancement de notre application web Nestify ! En cette p\u00e9riode de bilan de saison de nidification, o\u00f9 les chauve-souris sont encore dans les g\u00eetes, c&rsquo;est le moment de vous faire d\u00e9couvrir notre application mobile. Cr\u00e9\u00e9e par Agrinichoirs, elle vous\u2026 <\/p><\/div>\n\n<a class=\"wp-block-read-more\" href=\"https:\/\/agrinichoirs.fr\/?p=1282\" target=\"_self\">Lire la suite<span class=\"screen-reader-text\">\u00a0: Lancement de l&rsquo;application Nestify<\/span><\/a>\n\n<div style=\"height:71px\" aria-hidden=\"true\" class=\"wp-block-spacer\"><\/div><\/li><li class=\"wp-block-post post-1323 post type-post status-publish format-standard has-post-thumbnail hentry category-newsletters\"><figure style=\"aspect-ratio:4\/3;\" class=\"wp-block-post-featured-image\"><img decoding=\"async\" width=\"2400\" height=\"1600\" src=\"https:\/\/agrinichoirs.fr\/wp-content\/uploads\/2025\/09\/hirondelle-bicolore-cavite.jpg\" class=\"attachment-full size-full wp-post-image\" alt=\"\" style=\"width:100%;height:100%;object-fit:cover;\" srcset=\"https:\/\/agrinichoirs.fr\/wp-content\/uploads\/2025\/09\/hirondelle-bicolore-cavite.jpg 2400w, https:\/\/agrinichoirs.fr\/wp-content\/uploads\/2025\/09\/hirondelle-bicolore-cavite-300x200.jpg 300w, https:\/\/agrinichoirs.fr\/wp-content\/uploads\/2025\/09\/hirondelle-bicolore-cavite-1024x683.jpg 1024w, https:\/\/agrinichoirs.fr\/wp-content\/uploads\/2025\/09\/hirondelle-bicolore-cavite-150x100.jpg 150w, https:\/\/agrinichoirs.fr\/wp-content\/uploads\/2025\/09\/hirondelle-bicolore-cavite-768x512.jpg 768w, https:\/\/agrinichoirs.fr\/wp-content\/uploads\/2025\/09\/hirondelle-bicolore-cavite-1536x1024.jpg 1536w, https:\/\/agrinichoirs.fr\/wp-content\/uploads\/2025\/09\/hirondelle-bicolore-cavite-2048x1365.jpg 2048w, https:\/\/agrinichoirs.fr\/wp-content\/uploads\/2025\/09\/hirondelle-bicolore-cavite-1320x880.jpg 1320w, https:\/\/agrinichoirs.fr\/wp-content\/uploads\/2025\/09\/hirondelle-bicolore-cavite-600x400.jpg 600w\" sizes=\"(max-width: 2400px) 100vw, 2400px\" \/><\/figure>\n\n<h2 class=\"wp-block-post-title\">Plus de nichoirs pour moins d&rsquo;agressivit\u00e9 chez les oiseaux ?<\/h2>\n\n<div class=\"wp-block-post-date\"><time datetime=\"2025-09-30T14:10:00+02:00\">30 septembre 2025<\/time><\/div>\n\n<div style=\"height:16px\" aria-hidden=\"true\" class=\"wp-block-spacer\"><\/div>\n\n<div class=\"wp-block-post-excerpt\"><p class=\"wp-block-post-excerpt__excerpt\">Voici une histoire qui devrait int\u00e9resser ceux qui aiment les oiseaux\u2026 et posent des nichoirs.&nbsp; Une \u00e9tude (Lipshutz et al Nature Ecology &amp; Evolution, avril 2025) sur des oiseaux pr\u00e9sents aux USA montre que l&rsquo;\u00e9volution pourrait se r\u00e9p\u00e9ter chez les oiseaux nichant dans des cavit\u00e9s. Pourquoi se r\u00e9p\u00e9ter\u202f? Parce que des caract\u00e8res &nbsp;sp\u00e9cifiques \u00e0 ces\u2026 <\/p><\/div>\n\n<a class=\"wp-block-read-more\" href=\"https:\/\/agrinichoirs.fr\/?p=1323\" target=\"_self\">Lire la suite<span class=\"screen-reader-text\">\u00a0: Plus de nichoirs pour moins d&rsquo;agressivit\u00e9 chez les oiseaux ?<\/span><\/a>\n\n<div style=\"height:71px\" aria-hidden=\"true\" class=\"wp-block-spacer\"><\/div><\/li><li class=\"wp-block-post post-1233 post type-post status-publish format-standard has-post-thumbnail hentry category-newsletters\"><figure style=\"aspect-ratio:4\/3;\" class=\"wp-block-post-featured-image\"><img decoding=\"async\" width=\"2560\" height=\"2560\" src=\"https:\/\/agrinichoirs.fr\/wp-content\/uploads\/2022\/11\/nid_avec_oeufs-scaled.jpg\" class=\"attachment-full size-full wp-post-image\" alt=\"\" style=\"width:100%;height:100%;object-fit:cover;\" srcset=\"https:\/\/agrinichoirs.fr\/wp-content\/uploads\/2022\/11\/nid_avec_oeufs-scaled.jpg 2560w, https:\/\/agrinichoirs.fr\/wp-content\/uploads\/2022\/11\/nid_avec_oeufs-scaled-300x300.jpg 300w, https:\/\/agrinichoirs.fr\/wp-content\/uploads\/2022\/11\/nid_avec_oeufs-scaled-100x100.jpg 100w, https:\/\/agrinichoirs.fr\/wp-content\/uploads\/2022\/11\/nid_avec_oeufs-scaled-600x600.jpg 600w\" sizes=\"(max-width: 2560px) 100vw, 2560px\" \/><\/figure>\n\n<h2 class=\"wp-block-post-title\">Guide d\u2019\u00e9quipement pour les suivis d&rsquo;occupations<\/h2>\n\n<div class=\"wp-block-post-date\"><time datetime=\"2025-09-09T16:43:36+02:00\">9 septembre 2025<\/time><\/div>\n\n<div style=\"height:16px\" aria-hidden=\"true\" class=\"wp-block-spacer\"><\/div>\n\n<div class=\"wp-block-post-excerpt\"><p class=\"wp-block-post-excerpt__excerpt\">C\u2019est la p\u00e9riode de suivis ! Comme chaque ann\u00e9e, nous observons attentivement l\u2019occupation des nichoirs afin de mieux comprendre le d\u00e9veloppement de la biodiversit\u00e9 sur vos parcelles. Cette \u00e9tape est essentielle pour savoir comment les esp\u00e8ces se reproduisent et quelles dynamiques se mettent en place d\u2019une saison \u00e0 l\u2019autre Mais que s&rsquo;est-il pass\u00e9 au printemps\u2026 <\/p><\/div>\n\n<a class=\"wp-block-read-more\" href=\"https:\/\/agrinichoirs.fr\/?p=1233\" target=\"_self\">Lire la suite<span class=\"screen-reader-text\">\u00a0: Guide d\u2019\u00e9quipement pour les suivis d&rsquo;occupations<\/span><\/a>\n\n<div style=\"height:71px\" aria-hidden=\"true\" class=\"wp-block-spacer\"><\/div><\/li><\/ul><\/div><\/div>\n\n<div class=\"wp-block-column is-layout-flow wp-block-column-is-layout-flow\" style=\"flex-basis:50%\"><div class=\"wp-block-query is-layout-flow wp-block-query-is-layout-flow\"><ul class=\"wp-block-post-template is-layout-flow wp-block-post-template-is-layout-flow\"><li class=\"wp-block-post post-1226 post type-post status-publish format-standard has-post-thumbnail hentry category-newsletters\"><div style=\"height:90px\" aria-hidden=\"true\" class=\"wp-block-spacer\"><\/div>\n\n<figure class=\"wp-block-post-featured-image\"><img loading=\"lazy\" decoding=\"async\" width=\"1280\" height=\"842\" src=\"https:\/\/agrinichoirs.fr\/wp-content\/uploads\/2025\/06\/7hjttrlgdj8-1280x842.jpg\" class=\"attachment-post-thumbnail size-post-thumbnail wp-post-image\" alt=\"a bird that is flying in the air\" style=\"object-fit:cover;\" srcset=\"https:\/\/agrinichoirs.fr\/wp-content\/uploads\/2025\/06\/7hjttrlgdj8-1280x842.jpg 1280w, https:\/\/agrinichoirs.fr\/wp-content\/uploads\/2025\/06\/7hjttrlgdj8-150x100.jpg 150w\" sizes=\"(max-width: 1280px) 100vw, 1280px\" \/><\/figure>\n\n<h2 class=\"wp-block-post-title\">L&rsquo;actu des nichoiristes \u2013 \u00c9dito #1<\/h2>\n\n<div class=\"wp-block-post-date\"><time datetime=\"2025-06-13T13:19:14+02:00\">13 juin 2025<\/time><\/div>\n\n<div style=\"height:16px\" aria-hidden=\"true\" class=\"wp-block-spacer\"><\/div>\n\n<div class=\"wp-block-post-excerpt\"><p class=\"wp-block-post-excerpt__excerpt\">Bonjour \u00e0 toutes et tous, Je suis tr\u00e8s heureux de vous \u00e9crire ces quelques lignes pour lancer L&rsquo;actu des nichoiristes, notre petite lettre pour garder le lien\u2026 et m\u00eame le renforcer. Pour beaucoup d\u2019entre vous, on se recroise au moins une fois par an sur le terrain, et c\u2019est toujours un plaisir. Mais ce projet\u2026 <\/p><\/div>\n\n<a class=\"wp-block-read-more\" href=\"https:\/\/agrinichoirs.fr\/?p=1226\" target=\"_self\">Lire la suite<span class=\"screen-reader-text\">\u00a0: L&rsquo;actu des nichoiristes \u2013 \u00c9dito #1<\/span><\/a><\/li><li class=\"wp-block-post post-1183 post type-post status-publish format-standard has-post-thumbnail hentry category-newsletters category-non-classe category-petites-annonces\"><div style=\"height:90px\" aria-hidden=\"true\" class=\"wp-block-spacer\"><\/div>\n\n<figure class=\"wp-block-post-featured-image\"><img loading=\"lazy\" decoding=\"async\" width=\"522\" height=\"600\" src=\"https:\/\/agrinichoirs.fr\/wp-content\/uploads\/2025\/06\/Logo-RLF.png\" class=\"attachment-post-thumbnail size-post-thumbnail wp-post-image\" alt=\"\" style=\"object-fit:cover;\" srcset=\"https:\/\/agrinichoirs.fr\/wp-content\/uploads\/2025\/06\/Logo-RLF.png 522w, https:\/\/agrinichoirs.fr\/wp-content\/uploads\/2025\/06\/Logo-RLF-261x300.png 261w, https:\/\/agrinichoirs.fr\/wp-content\/uploads\/2025\/06\/Logo-RLF-131x150.png 131w\" sizes=\"(max-width: 522px) 100vw, 522px\" \/><\/figure>\n\n<h2 class=\"wp-block-post-title\">\ud83c\udf3f Exploration Du Vivant Sur La Ferme Du Grand Laval<\/h2>\n\n<div class=\"wp-block-post-date\"><time datetime=\"2025-06-12T10:59:13+02:00\">12 juin 2025<\/time><\/div>\n\n<div style=\"height:16px\" aria-hidden=\"true\" class=\"wp-block-spacer\"><\/div>\n\n<div class=\"wp-block-post-excerpt\"><p class=\"wp-block-post-excerpt__excerpt\">Les 5 et 6 juillet 2025, la ferme du Grand Laval (Mont\u00e9lier \u2013 Dr\u00f4me) accueille un grand week-end de recensement naturaliste, ouvert aux paysan\u00b7nes et naturalistes passionn\u00e9s. Une belle occasion de tisser des liens entre mondes agricoles et naturalistes, pour apprendre ensemble \u00e0 mieux conna\u00eetre et accueillir le vivant ! Pourquoi venir ? \ud83d\udc49 Un\u2026 <\/p><\/div>\n\n<a class=\"wp-block-read-more\" href=\"https:\/\/agrinichoirs.fr\/?p=1183\" target=\"_self\">Lire la suite<span class=\"screen-reader-text\">\u00a0: \ud83c\udf3f Exploration Du Vivant Sur La Ferme Du Grand Laval<\/span><\/a><\/li><li class=\"wp-block-post post-1155 post type-post status-publish format-standard has-post-thumbnail hentry category-newsletters category-petites-annonces\"><div style=\"height:90px\" aria-hidden=\"true\" class=\"wp-block-spacer\"><\/div>\n\n<figure class=\"wp-block-post-featured-image\"><img loading=\"lazy\" decoding=\"async\" width=\"1229\" height=\"842\" src=\"https:\/\/agrinichoirs.fr\/wp-content\/uploads\/2025\/05\/pexels-photo-17818828-1229x842.jpeg\" class=\"attachment-post-thumbnail size-post-thumbnail wp-post-image\" alt=\"eurasian blue tit holding on a twig upside down\" style=\"object-fit:cover;\" \/><\/figure>\n\n<h2 class=\"wp-block-post-title\">Petites Annonces<\/h2>\n\n<div class=\"wp-block-post-date\"><time datetime=\"2025-05-26T18:08:07+02:00\">26 mai 2025<\/time><\/div>\n\n<div style=\"height:16px\" aria-hidden=\"true\" class=\"wp-block-spacer\"><\/div>\n\n<div class=\"wp-block-post-excerpt\"><p class=\"wp-block-post-excerpt__excerpt\">\ud83c\udf31 AGRINICHOIRS recrute un.e agriculteur.rice nichoiriste \ud83c\udf3f Vous \u00eates agriculteur ou agricultrice, passionn\u00e9.e par l\u2019\u00e9cologie et curieux.se d\u2019\u00e9largir vos horizons ? Nous recherchons un profil comme le v\u00f4tre pour rejoindre l\u2019aventure AGRINICHOIRS en tant que prestataire terrain : installation de nichoirs, suivis naturalistes\u2026 Vous interviendrez dans les fermes, aux c\u00f4t\u00e9s d\u2019autres agriculteurs, pour accompagner la\u2026 <\/p><\/div>\n\n<a class=\"wp-block-read-more\" href=\"https:\/\/agrinichoirs.fr\/?p=1155\" target=\"_self\">Lire la suite<span class=\"screen-reader-text\">\u00a0: Petites Annonces<\/span><\/a><\/li><\/ul><\/div><\/div><\/div><\/div><\/div>","protected":false},"excerpt":{"rendered":"<p>Ici, vous trouverez un savoureux m\u00e9lange de publications scientifiques, d&rsquo;analyses de nos donn\u00e9es, d&rsquo;exemples d&rsquo;installations et de petites annonces&#8230;<\/p>\n","protected":false},"author":1,"featured_media":1100,"parent":0,"menu_order":0,"comment_status":"closed","ping_status":"closed","template":"","meta":{"ub_ctt_via":"","_monsterinsights_skip_tracking":false,"_monsterinsights_sitenote_active":false,"_monsterinsights_sitenote_note":"","_monsterinsights_sitenote_category":0,"footnotes":""},"class_list":["post-1017","page","type-page","status-publish","has-post-thumbnail","hentry"],"featured_image_src":"https:\/\/agrinichoirs.fr\/wp-content\/uploads\/2025\/05\/Design-sans-titre2-1.png","jetpack_sharing_enabled":true,"_links":{"self":[{"href":"https:\/\/agrinichoirs.fr\/index.php?rest_route=\/wp\/v2\/pages\/1017","targetHints":{"allow":["GET"]}}],"collection":[{"href":"https:\/\/agrinichoirs.fr\/index.php?rest_route=\/wp\/v2\/pages"}],"about":[{"href":"https:\/\/agrinichoirs.fr\/index.php?rest_route=\/wp\/v2\/types\/page"}],"author":[{"embeddable":true,"href":"https:\/\/agrinichoirs.fr\/index.php?rest_route=\/wp\/v2\/users\/1"}],"replies":[{"embeddable":true,"href":"https:\/\/agrinichoirs.fr\/index.php?rest_route=%2Fwp%2Fv2%2Fcomments&post=1017"}],"version-history":[{"count":25,"href":"https:\/\/agrinichoirs.fr\/index.php?rest_route=\/wp\/v2\/pages\/1017\/revisions"}],"predecessor-version":[{"id":1166,"href":"https:\/\/agrinichoirs.fr\/index.php?rest_route=\/wp\/v2\/pages\/1017\/revisions\/1166"}],"wp:featuredmedia":[{"embeddable":true,"href":"https:\/\/agrinichoirs.fr\/index.php?rest_route=\/wp\/v2\/media\/1100"}],"wp:attachment":[{"href":"https:\/\/agrinichoirs.fr\/index.php?rest_route=%2Fwp%2Fv2%2Fmedia&parent=1017"}],"curies":[{"name":"wp","href":"https:\/\/api.w.org\/{rel}","templated":true}]}}